{"id":3366,"date":"2021-10-19T14:45:46","date_gmt":"2021-10-19T19:45:46","guid":{"rendered":"https:\/\/new.compuimpresion.com.co\/portal\/?post_type=product&#038;p=3366"},"modified":"2024-07-29T12:14:19","modified_gmt":"2024-07-29T17:14:19","slug":"impresora-monocromatica-ecotank-m1120","status":"publish","type":"product","link":"https:\/\/compuimpresion.com.co\/portal\/productos\/impresora-monocromatica-ecotank-m1120\/","title":{"rendered":"Impresora Monocrom\u00e1tica EcoTank M1120"},"content":{"rendered":"<div class=\"wpb-content-wrapper\">[vc_section][vc_row][vc_column][vc_column_text el_class=\u00bbinfo-product-col firstcol\u00bb]\n<section class=\"row\">\n<div class=\"simple-responsive-banner-component module-text-list js-tl-rte container-fluid container-main-content__aligned\" data-cpt-id=\"8796105999420\">\n<div class=\"module-content\">\n<div class=\"text-rows two-up\">\n<div class=\"text-row three-fourths\">\n<p><b>Reducci\u00f3n de costos &#8211;<\/b>\u00a0ahorra hasta 90% vs. l\u00e1ser con botellas de reemplazo de bajo costo<sup>2<\/sup>.<\/p>\n<p><b>Ahorra con esta compra &#8211;<\/b>\u00a02 botellas incluidas equivalen a aproximadamente 6 t\u00f3ners<sup>3<\/sup>.<\/p>\n<p><b>Calidad profesional &#8211;<\/b>\u00a0tinta negra pigmentada ideal para impresi\u00f3n de documentos de negocio con secado instant\u00e1neo, resistente al aguia y a borrones.<\/p>\n<h4 class=\"module-head\">Que Hay En La Caja:<\/h4>\n<ul>\n<li>Impresora<\/li>\n<li>Cable de alimentaci\u00f3n<\/li>\n<li>Cable USB<\/li>\n<li>Gu\u00eda r\u00e1pida de instalaci\u00f3n<\/li>\n<li>CD con drivers y manuales<\/li>\n<li>1 botella de tinta negra y 3 botellas de tinta a color (cian magenta y amarilla); Las botellas incluidas son \u00fanicamente para la inicializaci\u00f3n del equipo e imprimen aprox. 2000 p\u00e1ginas en negro y 3500 p\u00e1ginas en color*<\/li>\n<\/ul>\n<\/div>\n<\/div>\n<\/div>\n<\/div>\n<\/section>\n[\/vc_column_text][\/vc_column][\/vc_row][vc_row][vc_column width=\u00bb1\/3&#8243;][vc_column_text el_class=\u00bbinfo-product-col\u00bb]\n<h4><strong>Imprimir:<\/strong><\/h4>\n<hr \/>\n<p><strong>Tecnolog\u00eda de Impresi\u00f3n:<\/strong>PrecisionCore\u00ae 4 colores (CMYK) con cabezal flujo en l\u00ednea<\/p>\n<p><strong>Resoluci\u00f3n M\u00e1xima de Impresi\u00f3n:<\/strong>4.800 dpi x 2.400 dpi<\/p>\n<p><strong>Velocidad de Impresi\u00f3n:<\/strong>25\/12 ISO ppm (negro\/color) s\u00edmplex<\/p>\n<p>15\/9 ppm (negro\/color) d\u00faplex<\/p>\n<p><strong>Tama\u00f1o M\u00ednimo de la Gota de Tinta:<\/strong>3,8 picolitros<\/p>\n<p><strong>Configuraci\u00f3n del Cabezal:<\/strong>800 boquillas negro y 256 boquillas color[\/vc_column_text][\/vc_column][vc_column width=\u00bb1\/3&#8243;][vc_column_text el_class=\u00bbinfo-product-col\u00bb]\n<h4><strong>Tinta:<\/strong><\/h4>\n<hr \/>\n<p><strong>Configuraci\u00f3n de la Tinta:<\/strong>1 botella con tinta negra: Rinde aprox. 2.000 p\u00e1ginas<sup>1<\/sup>\u00a0en negro<\/p>\n<p>3 botellas a color (cian, magenta, amarillo): Rinde aprox. 3.500 p\u00e1ginas<sup>1<\/sup>\u00a0en color<\/p>\n<p><strong>Tinta de Reemplazo:<\/strong>Botella de tinta negra T664120<\/p>\n<p>Botella de tinta cian T664220<\/p>\n<p>Botella de tinta magenta T664320<\/p>\n<p>Botella de tinta amarilla T664420[\/vc_column_text][\/vc_column][vc_column width=\u00bb1\/3&#8243;][vc_column_text el_class=\u00bbinfo-product-col\u00bb]\n<h4><strong>General:<\/strong><\/h4>\n<hr \/>\n<p><strong>Sistemas de Operaci\u00f3n:<\/strong>Windows Vista\u00ae\/Windows\u00ae 7\/Windows 8\/8.1\/Windows 10 (32bit\/64bit), Windows Server\u00ae 2003 SP2 \u2013 Windows Server 20167, Mac OS X 10.6.8 \u2013 macOS 10.14.x<sup>8<\/sup><\/p>\n<p><strong>Temperatura:<\/strong>Funcionamiento: 20\u00b0 a 35\u00b0 C<\/p>\n<p>Almacenamiento: -20\u00b0 a 40\u00b0 C<\/p>\n<p><strong>Humedad:<\/strong>Funcionamiento: 20 a 80%<\/p>\n<p>Almacenamiento: 5 a 85% (sin condensaci\u00f3n)<\/p>\n<p><strong>Nivel de Sonido:<\/strong>Potencia ac\u00fastica: 6,6 B (A)<\/p>\n<p>Modo silencioso: 5,7 B (A)<\/p>\n<p>Presi\u00f3n ac\u00fastica: 55 dB (A)<\/p>\n<p>Modo silencioso: 44 dB (A)<\/p>\n<p><strong>Dimensiones:<\/strong>Abierto: 375 x 512 x 161 mm<\/p>\n<p>Cerrado: 375 x 267 x 161 mm<\/p>\n<p><strong>Peso:<\/strong>3.5 kg (excluye tintas y cables de alimentaci\u00f3n)<\/p>\n<p><strong>Pa\u00eds de Origen:<\/strong>Filipinas<\/p>\n<p><strong>Garant\u00eda:<\/strong>Garant\u00eda est\u00e1ndar de 1 a\u00f1o y extendida a 2 a\u00f1os al registrar el producto[\/vc_column_text][\/vc_column][\/vc_row][\/vc_section]\n<\/div>","protected":false},"excerpt":{"rendered":"<p>EcoTank Single Function Mono<\/p>\n<p>La impresora inal\u00e1mbrica monocrom\u00e1tica EcoTank<sup>\u00ae<\/sup>\u00a0M1120 es la elecci\u00f3n ideal para emprendedores que necesitan alto rendimiento y eficiencia en la impresi\u00f3n en blanco y negro a un costo ultrabajo sin sacrificar calidad. Con los tanques de tinta rellenables de superalta capacidad, podr\u00e1 imprimir hasta 11.000<sup>1<\/sup>\u00a0p\u00e1ginas en negro con dos botellas incluidas y hasta 6.000<sup>1<\/sup>\u00a0p\u00e1ginas en negro con botellas de reemplazo.<\/p>\n<p>Esta impresora compacta es perfecta para oficinas que imprimen miles de documentos en negro y buscan reducir costos sin sacrificar productividad. La M1120 alcanza velocidades de hasta 32 p\u00e1ginas por minuto\u2020 y es inal\u00e1mbrica para impresi\u00f3n por medio de dispositivos m\u00f3viles.<\/p>\n<p><a href=\"https:\/\/mediaserver.goepson.com\/ImConvServlet\/imconv\/5fcaf98c34a0acc1cae2f37653636f4149590d1e\/original?assetDescr=M1120_EAI_PREVIEW\">Ficha t\u00e9cnica<\/a><\/p>\n<p><span class=\"key\">Modelo:<\/span> C11CG96301<\/p>\n","protected":false},"featured_media":3203,"comment_status":"open","ping_status":"closed","template":"","meta":{"inline_featured_image":false},"pwb-brand":[125],"product_brand":[],"product_cat":[891,1259],"product_tag":[244,245,146,343,150],"class_list":{"0":"post-3366","1":"product","2":"type-product","3":"status-publish","4":"has-post-thumbnail","6":"pwb-brand-epson","7":"product_cat-impresion","8":"product_cat-inyeccion-de-tinta","9":"product_tag-ecotank","10":"product_tag-epson","11":"product_tag-impresora","12":"product_tag-m1120","13":"product_tag-monocromatica","15":"first","16":"outofstock","17":"taxable","18":"shipping-taxable","19":"product-type-simple"},"brands":[{"id":125,"name":"Epson","slug":"epson"}],"_links":{"self":[{"href":"https:\/\/compuimpresion.com.co\/portal\/wp-json\/wp\/v2\/product\/3366","targetHints":{"allow":["GET"]}}],"collection":[{"href":"https:\/\/compuimpresion.com.co\/portal\/wp-json\/wp\/v2\/product"}],"about":[{"href":"https:\/\/compuimpresion.com.co\/portal\/wp-json\/wp\/v2\/types\/product"}],"replies":[{"embeddable":true,"href":"https:\/\/compuimpresion.com.co\/portal\/wp-json\/wp\/v2\/comments?post=3366"}],"wp:featuredmedia":[{"embeddable":true,"href":"https:\/\/compuimpresion.com.co\/portal\/wp-json\/wp\/v2\/media\/3203"}],"wp:attachment":[{"href":"https:\/\/compuimpresion.com.co\/portal\/wp-json\/wp\/v2\/media?parent=3366"}],"wp:term":[{"taxonomy":"pwb-brand","embeddable":true,"href":"https:\/\/compuimpresion.com.co\/portal\/wp-json\/wp\/v2\/pwb-brand?post=3366"},{"taxonomy":"product_brand","embeddable":true,"href":"https:\/\/compuimpresion.com.co\/portal\/wp-json\/wp\/v2\/product_brand?post=3366"},{"taxonomy":"product_cat","embeddable":true,"href":"https:\/\/compuimpresion.com.co\/portal\/wp-json\/wp\/v2\/product_cat?post=3366"},{"taxonomy":"product_tag","embeddable":true,"href":"https:\/\/compuimpresion.com.co\/portal\/wp-json\/wp\/v2\/product_tag?post=3366"}],"curies":[{"name":"wp","href":"https:\/\/api.w.org\/{rel}","templated":true}]}}