{"id":3365,"date":"2021-10-19T14:45:46","date_gmt":"2021-10-19T19:45:46","guid":{"rendered":"https:\/\/new.compuimpresion.com.co\/portal\/?post_type=product&#038;p=3365"},"modified":"2024-07-19T17:55:55","modified_gmt":"2024-07-19T22:55:55","slug":"impresora-multifuncional-ecotank-l15150","status":"publish","type":"product","link":"https:\/\/compuimpresion.com.co\/portal\/productos\/impresora-multifuncional-ecotank-l15150\/","title":{"rendered":"Impresora EcoTank L15150 Multifuncional"},"content":{"rendered":"<div class=\"wpb-content-wrapper\">[vc_section][vc_row][vc_column][vc_column_text el_class=\u00bbinfo-product-col firstcol\u00bb]\n<section class=\"row\">\n<div class=\"simple-responsive-banner-component module-text-list js-tl-rte container-fluid container-main-content__aligned\" data-cpt-id=\"8796105999420\">\n<div class=\"module-content\">\n<div class=\"text-rows two-up\">\n<div class=\"text-row three-fourths\">\n<p><strong>Productividad a bajo costo:<\/strong>\u00a0velocidad de impresi\u00f3n de hasta 25 ISO ppm negro y 12 ISO ppm color\u2020, d\u00faplex autom\u00e1tico e integraci\u00f3n del software ScanSmart para gesti\u00f3n de documentos, a un bajo costo total de operaci\u00f3n.<\/p>\n<p><strong>Alta calidad de impresi\u00f3n:<\/strong>\u00a0impresiones de calidad empresarial gracias a la tinta pigmentada que logra detalles extra n\u00edtidos y con colores vibrantes en impresiones monocrom\u00e1ticas y a color.<\/p>\n<p><strong>Versatilidad para tipos de papel:<\/strong>\u00a0imprime p\u00e1ginas de hasta 33 cm x 48 cm (13&#8243; x 19&#8243;), copia y escanea hasta 28 cm x 43 cm (11&#8243; x 17&#8243;), alimentaci\u00f3n trasera para sobres, papel fotogr\u00e1fico o papeles gruesos.<\/p>\n<p><strong>Dise\u00f1o compacto y elegante:<\/strong>\u00a0tama\u00f1o reducido para adecuarse a cualquier entorno.<\/p>\n<p><strong>Conectividad inal\u00e1mbrica y de red<sup>2<\/sup>:<\/strong>\u00a0impresi\u00f3n f\u00e1cil desde iPad\u00ae, iPhone\u00ae, tabletas y smartphones AndroidTM. Incluye Wi-Fi Direct\u00ae3 y Ethernet.<\/p>\n<p><strong>Tecnolog\u00eda EcoFitTM:<\/strong>\u00a0sistema de botellas inteligentes que vienen codificadas y con llenado autom\u00e1tico para no generar derrames.<\/p>\n<h4 class=\"module-head\">Que Hay En La Caja:<\/h4>\n<ul>\n<li>Impresora<\/li>\n<li>Cable de alimentaci\u00f3n<\/li>\n<li>Cable USB<\/li>\n<li>Gu\u00eda r\u00e1pida de instalaci\u00f3n<\/li>\n<li>CD con drivers y manuales<\/li>\n<\/ul>\n<\/div>\n<\/div>\n<\/div>\n<\/div>\n<\/section>\n[\/vc_column_text][\/vc_column][\/vc_row][vc_row][vc_column width=\u00bb1\/3&#8243;][vc_column_text el_class=\u00bbinfo-product-col\u00bb]\n<h4><strong>Imprimir:<\/strong><\/h4>\n<hr \/>\n<p><strong>Tecnolog\u00eda de Impresi\u00f3n:<\/strong>PrecisionCore\u00ae 4 colores (CMYK) con cabezal flujo en l\u00ednea<\/p>\n<p><strong>Resoluci\u00f3n M\u00e1xima de Impresi\u00f3n:<\/strong>4.800 dpi x 2.400 dpi<\/p>\n<p><strong>Velocidad de Impresi\u00f3n:<\/strong>25\/12 ISO ppm (negro\/color) s\u00edmplex<\/p>\n<p>15\/9 ppm (negro\/color) d\u00faplex<\/p>\n<p><strong>Tama\u00f1o M\u00ednimo de la Gota de Tinta:<\/strong>3,8 picolitros<\/p>\n<p><strong>Configuraci\u00f3n del Cabezal:<\/strong>800 boquillas negro y 256 boquillas color[\/vc_column_text][\/vc_column][vc_column width=\u00bb1\/3&#8243;][vc_column_text el_class=\u00bbinfo-product-col\u00bb]\n<h4><strong>Copiar:<\/strong><\/h4>\n<hr \/>\n<p><strong>Modo de Copia:<\/strong>Autom\u00e1tico de 1 a 2 caras, vista previa, reducci\u00f3n autom\u00e1tica y ampliaci\u00f3n (25% &#8211; 400%), intercalar, densidad de copia ajustable, 1 cara a 2 caras, 2 caras a 1 cara, 2 caras a 2 caras. Ajustes: densidad, contraste, color, nitidez, mejora de texto y originales de varios tama\u00f1os mezclados<\/p>\n<p><strong>Velocidad de Copia:<\/strong>16\/9 ipm (negro\/color)<\/p>\n<p><strong>Calidad de Copia:<\/strong>1 &#8211; 999<\/p>\n<p><strong>M\u00e1ximo Tama\u00f1o de Copia:<\/strong>A3 (29,7 cm x 42 cm)<\/p>\n<p><strong>Caracter\u00edsticas de la Copia:<\/strong>Resoluci\u00f3n de copiado de hasta 600 x 600 dpi (entrada) y hasta 600 x 1200 dpi (salida)[\/vc_column_text][\/vc_column][vc_column width=\u00bb1\/3&#8243;][vc_column_text el_class=\u00bbinfo-product-col\u00bb]\n<h4><strong>General:<\/strong><\/h4>\n<hr \/>\n<p><strong>Sistemas de Operaci\u00f3n:<\/strong>Windows\u00ae 10 (32-bit, 64-bit), Windows\u00ae 8\/8.1 (32-bit, 64-bit), Windows\u00ae 7 (32-bit, 64-bit), Windows Server\u00ae 20198, Windows Server\u00ae 20168, Windows Server\u00ae 2012 R28, Windows Server\u00ae 20128, Mac OS X\u00ae 10.6.8, Mac OS\u00ae 10.15.x9, Linux, Citrix, Android\u2122, iOSTM<\/p>\n<p><strong>Temperatura:<\/strong>Funcionamiento: 10 \u00b0C a 35 \u00b0C (50 \u00b0F a 95 \u00b0F)<\/p>\n<p>Almacenamiento: -20 \u00b0C a 40 \u00b0C (-4 \u00b0F a 104 \u00b0F)<\/p>\n<p><strong>Humedad:<\/strong>Funcionamiento: 20% &#8211; 80%<\/p>\n<p>Almacenamiento: 5% &#8211; 85% (sin condensaci\u00f3n)<\/p>\n<p><strong>Nivel de Sonido:<\/strong>Menos de 52 dB<\/p>\n<p><strong>Dimensiones:<\/strong>51,5 cm x 50 cm x 35 cm<\/p>\n<p><strong>Peso:<\/strong>21,2 kg<\/p>\n<p><strong>Seguridad:<\/strong>Certificaci\u00f3n de n\u00famero PIN para la liberaci\u00f3n de trabajo, acceso de control de usuario, configuraci\u00f3n de impresora y red a trav\u00e9s de configuraci\u00f3n web utilizando la direcci\u00f3n IP de la impresora, seguridad SSL \/ TLS, IPsec, TPM<\/p>\n<p><strong>Pa\u00eds de Origen:<\/strong>Indonesia<\/p>\n<p><strong>Garant\u00eda:<\/strong>Limitada de un a\u00f1o para hardware***[\/vc_column_text][\/vc_column][\/vc_row][\/vc_section]\n<\/div>","protected":false},"excerpt":{"rendered":"<p>Multifuncional tanque de tinta A3 \/ Reemplazo L1455<\/p>\n<p>Menos intervenciones y tiempo de inactividad: Capacidad de hasta 500 hojas en las dos bandejas frontales y botellas de reemplazo de tinta que permiten imprimir hasta 7.500 p\u00e1ginas ISO (negro) y hasta 6.000 p\u00e1ginas ISO (color)<sup>1<\/sup>. Cuenta con la tecnolog\u00eda sin calor PrecisionCore Heat-Free Technology\u2122.<\/p>\n<p><a href=\"https:\/\/mediaserver.goepson.com\/ImConvServlet\/imconv\/a77c9d7de5bf031681f3001f6dfe17c3be112726\/original?assetDescr=Ficha-T%C3%A9cnica-L15150\">Ficha t\u00e9cnica<\/a><\/p>\n<p><span class=\"key\">Modelo:<\/span> C11CH72301<\/p>\n","protected":false},"featured_media":3187,"comment_status":"open","ping_status":"closed","template":"","meta":{"inline_featured_image":false},"pwb-brand":[125],"product_brand":[],"product_cat":[891,1259],"product_tag":[244,245,146,344,143,345],"class_list":{"0":"post-3365","1":"product","2":"type-product","3":"status-publish","4":"has-post-thumbnail","6":"pwb-brand-epson","7":"product_cat-impresion","8":"product_cat-inyeccion-de-tinta","9":"product_tag-ecotank","10":"product_tag-epson","11":"product_tag-impresora","12":"product_tag-l15150","13":"product_tag-multifuncional","14":"product_tag-tintas","16":"first","17":"outofstock","18":"taxable","19":"shipping-taxable","20":"purchasable","21":"product-type-simple"},"brands":[{"id":125,"name":"Epson","slug":"epson"}],"_links":{"self":[{"href":"https:\/\/compuimpresion.com.co\/portal\/wp-json\/wp\/v2\/product\/3365","targetHints":{"allow":["GET"]}}],"collection":[{"href":"https:\/\/compuimpresion.com.co\/portal\/wp-json\/wp\/v2\/product"}],"about":[{"href":"https:\/\/compuimpresion.com.co\/portal\/wp-json\/wp\/v2\/types\/product"}],"replies":[{"embeddable":true,"href":"https:\/\/compuimpresion.com.co\/portal\/wp-json\/wp\/v2\/comments?post=3365"}],"wp:featuredmedia":[{"embeddable":true,"href":"https:\/\/compuimpresion.com.co\/portal\/wp-json\/wp\/v2\/media\/3187"}],"wp:attachment":[{"href":"https:\/\/compuimpresion.com.co\/portal\/wp-json\/wp\/v2\/media?parent=3365"}],"wp:term":[{"taxonomy":"pwb-brand","embeddable":true,"href":"https:\/\/compuimpresion.com.co\/portal\/wp-json\/wp\/v2\/pwb-brand?post=3365"},{"taxonomy":"product_brand","embeddable":true,"href":"https:\/\/compuimpresion.com.co\/portal\/wp-json\/wp\/v2\/product_brand?post=3365"},{"taxonomy":"product_cat","embeddable":true,"href":"https:\/\/compuimpresion.com.co\/portal\/wp-json\/wp\/v2\/product_cat?post=3365"},{"taxonomy":"product_tag","embeddable":true,"href":"https:\/\/compuimpresion.com.co\/portal\/wp-json\/wp\/v2\/product_tag?post=3365"}],"curies":[{"name":"wp","href":"https:\/\/api.w.org\/{rel}","templated":true}]}}