{"id":3361,"date":"2021-10-19T14:45:45","date_gmt":"2021-10-19T19:45:45","guid":{"rendered":"https:\/\/new.compuimpresion.com.co\/portal\/?post_type=product&#038;p=3361"},"modified":"2024-07-22T11:23:55","modified_gmt":"2024-07-22T16:23:55","slug":"tinta-epson-amarilla-t-504","status":"publish","type":"product","link":"https:\/\/compuimpresion.com.co\/portal\/productos\/tinta-epson-amarilla-t-504\/","title":{"rendered":"Tinta Epson Amarilla T-504"},"content":{"rendered":"<div class=\"module-head\">\n<h3>Botellas de Tinta Epson T504<\/h3>\n<\/div>\n<h4 class=\"module-sub-head\">Alta capacidad<\/h4>\n<p>Obt\u00e9n cerca de un 50% m\u00e1s de impresiones que con un cartucho de tinta de capacidad est\u00e1ndar.<\/p>\n<p>&nbsp;<\/p>\n<h4 class=\"module-sub-head\">Compatibilidad<\/h4>\n<p>Epson L4150\u00a0 \u00a0 \u00a0 \u00a0 \u00a0 Epson L4160\u00a0 \u00a0 \u00a0 \u00a0 \u00a0 Epson L6161<\/p>\n<p>Epson L6171\u00a0 \u00a0 \u00a0 \u00a0 \u00a0 Epson L6191\u00a0 \u00a0 \u00a0 \u00a0 \u00a0 Epson L14150<\/p>\n","protected":false},"excerpt":{"rendered":"<h3>REF: T504420-AL<\/h3>\n","protected":false},"featured_media":3198,"comment_status":"open","ping_status":"closed","template":"","meta":{"inline_featured_image":false},"pwb-brand":[125],"product_brand":[],"product_cat":[1261,907],"product_tag":[289,286,287,284,267,288],"class_list":{"0":"post-3361","1":"product","2":"type-product","3":"status-publish","4":"has-post-thumbnail","6":"pwb-brand-epson","7":"product_cat-botellas-y-bolsas-de-tinta","8":"product_cat-consumibles","9":"product_tag-amarilla","10":"product_tag-t504","11":"product_tag-tinta-504","12":"product_tag-tinta-amarilla","13":"product_tag-tinta-epson","14":"product_tag-tinta-l4160","16":"first","17":"outofstock","18":"taxable","19":"shipping-taxable","20":"purchasable","21":"product-type-simple"},"brands":[{"id":125,"name":"Epson","slug":"epson"}],"_links":{"self":[{"href":"https:\/\/compuimpresion.com.co\/portal\/wp-json\/wp\/v2\/product\/3361","targetHints":{"allow":["GET"]}}],"collection":[{"href":"https:\/\/compuimpresion.com.co\/portal\/wp-json\/wp\/v2\/product"}],"about":[{"href":"https:\/\/compuimpresion.com.co\/portal\/wp-json\/wp\/v2\/types\/product"}],"replies":[{"embeddable":true,"href":"https:\/\/compuimpresion.com.co\/portal\/wp-json\/wp\/v2\/comments?post=3361"}],"wp:featuredmedia":[{"embeddable":true,"href":"https:\/\/compuimpresion.com.co\/portal\/wp-json\/wp\/v2\/media\/3198"}],"wp:attachment":[{"href":"https:\/\/compuimpresion.com.co\/portal\/wp-json\/wp\/v2\/media?parent=3361"}],"wp:term":[{"taxonomy":"pwb-brand","embeddable":true,"href":"https:\/\/compuimpresion.com.co\/portal\/wp-json\/wp\/v2\/pwb-brand?post=3361"},{"taxonomy":"product_brand","embeddable":true,"href":"https:\/\/compuimpresion.com.co\/portal\/wp-json\/wp\/v2\/product_brand?post=3361"},{"taxonomy":"product_cat","embeddable":true,"href":"https:\/\/compuimpresion.com.co\/portal\/wp-json\/wp\/v2\/product_cat?post=3361"},{"taxonomy":"product_tag","embeddable":true,"href":"https:\/\/compuimpresion.com.co\/portal\/wp-json\/wp\/v2\/product_tag?post=3361"}],"curies":[{"name":"wp","href":"https:\/\/api.w.org\/{rel}","templated":true}]}}