{"id":3352,"date":"2021-10-19T14:45:44","date_gmt":"2021-10-19T19:45:44","guid":{"rendered":"https:\/\/new.compuimpresion.com.co\/portal\/?post_type=product&#038;p=3352"},"modified":"2024-07-22T11:27:22","modified_gmt":"2024-07-22T16:27:22","slug":"tinta-epson-magenta-t-664","status":"publish","type":"product","link":"https:\/\/compuimpresion.com.co\/portal\/productos\/tinta-epson-magenta-t-664\/","title":{"rendered":"Tinta Epson Magenta T-664"},"content":{"rendered":"<div class=\"module-head\">\n<h3>Botellas de Tinta Epson T664<\/h3>\n<\/div>\n<h4 class=\"module-sub-head\">Alta capacidad<\/h4>\n<p>Obt\u00e9n cerca de un 50% m\u00e1s de impresiones que con un cartucho de tinta de capacidad est\u00e1ndar.<\/p>\n<p>&nbsp;<\/p>\n<h4 class=\"module-sub-head\">Compatibilidad<\/h4>\n<p>Epson L120\u00a0 \u00a0 \u00a0 \u00a0 \u00a0 \u00a0 Epson L200\u00a0 \u00a0 \u00a0 \u00a0 \u00a0 Epson L210\u00a0 \u00a0 \u00a0 \u00a0 \u00a0 Epson L220\u00a0 \u00a0 \u00a0 \u00a0 \u00a0 Epson L300<\/p>\n<p>Epson L310\u00a0 \u00a0 \u00a0 \u00a0 \u00a0 \u00a0Epson L350\u00a0 \u00a0 \u00a0 \u00a0 \u00a0 \u00a0Epson L355\u00a0 \u00a0 \u00a0 \u00a0 \u00a0 Epson L365\u00a0 \u00a0 \u00a0 \u00a0 \u00a0 Epson L375<\/p>\n<p>Epson L380\u00a0 \u00a0 \u00a0 \u00a0 \u00a0 \u00a0Epson L395\u00a0 \u00a0 \u00a0 \u00a0 \u00a0 \u00a0Epson L396\u00a0 \u00a0 \u00a0 \u00a0 \u00a0 Epson L455\u00a0 \u00a0 \u00a0 \u00a0 \u00a0 Epson L475<\/p>\n<p>Epson L495\u00a0 \u00a0 \u00a0 \u00a0 \u00a0 \u00a0Epson L555\u00a0 \u00a0 \u00a0 \u00a0 \u00a0 \u00a0Epson L565\u00a0 \u00a0 \u00a0 \u00a0 \u00a0 Epson L575\u00a0 \u00a0 \u00a0 \u00a0 \u00a0 Epson L606<\/p>\n<p>Epson L655\u00a0 \u00a0 \u00a0 \u00a0 \u00a0 \u00a0Epson L656\u00a0 \u00a0 \u00a0 \u00a0 \u00a0 \u00a0Epson L1300\u00a0 \u00a0 \u00a0 \u00a0 Epson L1455<\/p>\n","protected":false},"excerpt":{"rendered":"<h3>REF: T664320-AL<\/h3>\n","protected":false},"featured_media":3209,"comment_status":"open","ping_status":"closed","template":"","meta":{"inline_featured_image":false},"pwb-brand":[125],"product_brand":[],"product_cat":[1261,907],"product_tag":[264,272,273,267,274,275],"class_list":{"0":"post-3352","1":"product","2":"type-product","3":"status-publish","4":"has-post-thumbnail","6":"pwb-brand-epson","7":"product_cat-botellas-y-bolsas-de-tinta","8":"product_cat-consumibles","9":"product_tag-264","10":"product_tag-magenta","11":"product_tag-tinta-665","12":"product_tag-tinta-epson","13":"product_tag-tinta-magenta","14":"product_tag-tinta-original-epson","16":"first","17":"instock","18":"taxable","19":"shipping-taxable","20":"purchasable","21":"product-type-simple"},"brands":[{"id":125,"name":"Epson","slug":"epson"}],"_links":{"self":[{"href":"https:\/\/compuimpresion.com.co\/portal\/wp-json\/wp\/v2\/product\/3352","targetHints":{"allow":["GET"]}}],"collection":[{"href":"https:\/\/compuimpresion.com.co\/portal\/wp-json\/wp\/v2\/product"}],"about":[{"href":"https:\/\/compuimpresion.com.co\/portal\/wp-json\/wp\/v2\/types\/product"}],"replies":[{"embeddable":true,"href":"https:\/\/compuimpresion.com.co\/portal\/wp-json\/wp\/v2\/comments?post=3352"}],"wp:featuredmedia":[{"embeddable":true,"href":"https:\/\/compuimpresion.com.co\/portal\/wp-json\/wp\/v2\/media\/3209"}],"wp:attachment":[{"href":"https:\/\/compuimpresion.com.co\/portal\/wp-json\/wp\/v2\/media?parent=3352"}],"wp:term":[{"taxonomy":"pwb-brand","embeddable":true,"href":"https:\/\/compuimpresion.com.co\/portal\/wp-json\/wp\/v2\/pwb-brand?post=3352"},{"taxonomy":"product_brand","embeddable":true,"href":"https:\/\/compuimpresion.com.co\/portal\/wp-json\/wp\/v2\/product_brand?post=3352"},{"taxonomy":"product_cat","embeddable":true,"href":"https:\/\/compuimpresion.com.co\/portal\/wp-json\/wp\/v2\/product_cat?post=3352"},{"taxonomy":"product_tag","embeddable":true,"href":"https:\/\/compuimpresion.com.co\/portal\/wp-json\/wp\/v2\/product_tag?post=3352"}],"curies":[{"name":"wp","href":"https:\/\/api.w.org\/{rel}","templated":true}]}}