{"id":3347,"date":"2021-10-19T14:45:43","date_gmt":"2021-10-19T19:45:43","guid":{"rendered":"https:\/\/new.compuimpresion.com.co\/portal\/?post_type=product&#038;p=3347"},"modified":"2026-03-31T22:32:55","modified_gmt":"2026-04-01T03:32:55","slug":"surecolor-t3170","status":"publish","type":"product","link":"https:\/\/compuimpresion.com.co\/portal\/productos\/surecolor-t3170\/","title":{"rendered":"PLOTER SURECOLOR SC T3170 24&#8243; MEDIO PLIEGO WIFI &#8211; USB"},"content":{"rendered":"<p>PLOTER EPSON SURECOLOR SCT 3170SR 24&#8243; MEDIO PLIEGO WIFI \u2013 USB<\/p>\n<p>&nbsp;<\/p>\n<p>La impresora SureColor T3170 inal\u00e1mbrica y de formato ancho de 24 pulgadas fue dise\u00f1ada para mejorar la forma en que trabajas y tiene un dise\u00f1o para escritorio compacto que te permite imprimir en forma r\u00e1pida, precisa y con\u00adfiable con un dise\u00f1o compacto y elegante. Es ideal para imprimir planos, dibujos lineales y p\u00f3sters de hasta 24 pulgadas e imprime con precisi\u00f3n en tama\u00f1o A1\/D en solo 34 segundos. Tanto si est\u00e1s imprimiendo desde un rodillo como desde un alimentador autom\u00e1tico de hojas, la pantalla t\u00e1ctil a color de 4,3&#8243; te permite hacerlo en forma sencilla e intuitiva. Las tintas a base de pigmentos de la pr\u00f3xima generaci\u00f3n Ultra Chrome XD2 de alta capacidad te permiten hacer impresiones duraderas, de colores vibrantes, resistentes al agua y a la humedad. Con la conectividad inal\u00e1mbrica integrada y Wi Fi Direct podr\u00e1s imprimir f\u00e1cilmente utilizando tabletas y tel\u00e9fonos inteligentes, pr\u00e1cticamente desde cualquier lugar en tu sitio de trabajo.<\/p>\n<p>&nbsp;<\/p>\n<p>Tintas resistentes al agua y a la humedad: Las nuevas tintas de pigmento UltraChrome XD2 de Epson vienen tambi\u00e9n en cartuchos de alta capacidad: hasta 50 ml en color y 80 ml en negro.<\/p>\n<p>Altas velocidades de impresi\u00f3n &#8211; El cabezal de impresi\u00f3n PrecisionCore microTFP produce impresiones precisas en tama\u00f1o A1\/D en solo 34 segundos . Esta impresora es hasta 25% m\u00e1s r\u00e1pida que el resto del mercado.<\/p>\n<p>Selecci\u00f3n autom\u00e1tica de la impresi\u00f3n desde rollo u hoja suelta &#8211; Sencillamente selecciona desde el driver el modo de impresi\u00f3n sin necesidad de intervenci\u00f3n humana en el equipo.<\/p>\n<p>Dise\u00f1o compacto y elegante &#8211; Dise\u00f1o ultrapeque\u00f1o que mejora tu espacio de trabajo; cabe f\u00e1cilmente sobre un escritorio y, adem\u00e1s, est\u00e1 convenientemente cerrada para evitar la entrada de polvo u otros agentes externos.<\/p>\n<p>Caracter\u00edsticas:<\/p>\n<p>-Tecnolog\u00eda de impresi\u00f3n: Cabezal de impresi\u00f3n PrecisionCore\u00ae Micro TFP de 4 canales\/ Medida de la gota m\u00e1s peque\u00f1a: 4 picolitros; la tecnolog\u00eda variable de la gota puede producir hasta tres diferentes medidas por l\u00ednea\/ Resoluci\u00f3n m\u00e1xima: 2400 x 1200 dpi.<\/p>\n<p>-Velocidad: Tama\u00f1o A1\/D 34 seg<\/p>\n<p>-Interfaz de la impresora: USB superr\u00e1pido (compatible con 3.0), Wireless LAN IEEE (802.11 b\/g\/n)4 , Wired Ethernet (1000 Base-T\/100 Base-TX\/10 Base-T), Wi Fi Direct.<\/p>\n<p>-Interfaz de usuario: Pantalla t\u00e1ctil de 4.3&#8243;<\/p>\n<p>-Lenguaje de impresi\u00f3n: ESC\/p raster HP-GL72, HP RTL *1<\/p>\n<p>-Sistemas operativos compatibles: Mac OS\u00ae 10.13.x, Mac\u00ae OS X\u00ae 10.12.x, 10.11.x, 10.10.x, 10.9.x, 10.8.x and 10.7.x Windows\u00ae 10, 8.1, 7 (32-bit, 64-bit), Windows Vista\u00ae and Windows\u00ae XP.<\/p>\n<p>-Manejo del papel en rollo: Rollo de hasta 610 mm de ancho Di\u00e1metro de n\u00facleo de 50,8 mm ajustables a trav\u00e9s de los adaptadores del rollo por el usuario. Cortador de papel rotatorio de alta velocidad (autom\u00e1tico o manual).M\u00e1ximo di\u00e1metro de rollo de hasta 109 mm Grosor de papel de hasta 8,6 mm. El papel remanente en el rollo puede ser manejado desde el panel de control.<\/p>\n<p>-Manejo de papel en hojas: Alimentador de hojas de hasta 610 mm de ancho Alimentador autom\u00e1tico de hojas de hasta 279,40 mm x 431,8 mm (11&#8243; x 17&#8243;)<\/p>\n<p>-\u00c1rea imprimible y precision: Max. ancho del papel 609,9 mm M\u00e1rgenes izquierdos y derechos de 0 a 3 mm cada uno (0,24 \u00abtotal) Longitud m\u00e1xima imprimible7 limitado por la aplicaci\u00f3n, sistema operativo OS y driver \/ RIP usado Ancho m\u00ednimo de papel: rollo 330,2 mm \/ Hoja: 210,06 mm.<\/p>\n<p>-Tinta Epson Ultrachrome\u00ae XD2: Cartuchos de tintas de pigmento de 4 colores: negro (50 o 80 ml), colores (C, M, A): 26 o 50 ml.<\/p>\n<p>-Requisitos el\u00e9ctricos: Voltaje: AC 110-240 V; frecuencia: 50\/60 hz<\/p>\n<p>-Contenido de la caja: Impresora \/ Cartuchos iniciales (colores 26 ml y negro 50 ml) \/ Cable de alimentaci\u00f3n \/ Gu\u00eda del usuario (Nota: no se incluye papel con la impresora)<\/p>\n<p>-Consumo de energ\u00eda: Operativa: aprox. 28 W; Corriente: 1,4 A; \u00a0En espera: aprox. 8 W<\/p>\n<p>-Dimensiones: 970 mm (ancho) x 436 mm (profundidad) x 230 mm (alto)<\/p>\n<p>-Peso: 27 kg<\/p>\n<p>&nbsp;<\/p>\n<p>&nbsp;<\/p>\n<p>Sku: 1568<\/p>\n<p>Ean: 0010343936133<\/p>\n<p>N\/p: C11CF11201<\/p>\n","protected":false},"excerpt":{"rendered":"<p>Dise\u00f1o compacto y elegante &#8211; Dise\u00f1o ultrapeque\u00f1o que mejora tu espacio de trabajo; cabe f\u00e1cilmente sobre un escritorio y, adem\u00e1s, est\u00e1 convenientemente cerrada para evitar la entrada de polvo u otros agentes externos.<\/p>\n","protected":false},"featured_media":5414,"comment_status":"open","ping_status":"closed","template":"","meta":{"inline_featured_image":false},"pwb-brand":[125],"product_brand":[],"product_cat":[891,1260],"product_tag":[319,355,356,347,353,348,354,185,357],"class_list":{"0":"post-3347","1":"product","2":"type-product","3":"status-publish","4":"has-post-thumbnail","6":"pwb-brand-epson","7":"product_cat-impresion","8":"product_cat-ploter","9":"product_tag-319","10":"product_tag-medio","11":"product_tag-pliego","12":"product_tag-ploter","13":"product_tag-sc","14":"product_tag-surecolor","15":"product_tag-t3170","16":"product_tag-usb","17":"product_tag-wifi","19":"first","20":"instock","21":"taxable","22":"shipping-taxable","23":"purchasable","24":"product-type-simple"},"brands":[{"id":125,"name":"Epson","slug":"epson"}],"_links":{"self":[{"href":"https:\/\/compuimpresion.com.co\/portal\/wp-json\/wp\/v2\/product\/3347","targetHints":{"allow":["GET"]}}],"collection":[{"href":"https:\/\/compuimpresion.com.co\/portal\/wp-json\/wp\/v2\/product"}],"about":[{"href":"https:\/\/compuimpresion.com.co\/portal\/wp-json\/wp\/v2\/types\/product"}],"replies":[{"embeddable":true,"href":"https:\/\/compuimpresion.com.co\/portal\/wp-json\/wp\/v2\/comments?post=3347"}],"wp:featuredmedia":[{"embeddable":true,"href":"https:\/\/compuimpresion.com.co\/portal\/wp-json\/wp\/v2\/media\/5414"}],"wp:attachment":[{"href":"https:\/\/compuimpresion.com.co\/portal\/wp-json\/wp\/v2\/media?parent=3347"}],"wp:term":[{"taxonomy":"pwb-brand","embeddable":true,"href":"https:\/\/compuimpresion.com.co\/portal\/wp-json\/wp\/v2\/pwb-brand?post=3347"},{"taxonomy":"product_brand","embeddable":true,"href":"https:\/\/compuimpresion.com.co\/portal\/wp-json\/wp\/v2\/product_brand?post=3347"},{"taxonomy":"product_cat","embeddable":true,"href":"https:\/\/compuimpresion.com.co\/portal\/wp-json\/wp\/v2\/product_cat?post=3347"},{"taxonomy":"product_tag","embeddable":true,"href":"https:\/\/compuimpresion.com.co\/portal\/wp-json\/wp\/v2\/product_tag?post=3347"}],"curies":[{"name":"wp","href":"https:\/\/api.w.org\/{rel}","templated":true}]}}