{"id":3319,"date":"2021-10-19T14:45:27","date_gmt":"2021-10-19T19:45:27","guid":{"rendered":"https:\/\/new.compuimpresion.com.co\/portal\/?post_type=product&#038;p=3319"},"modified":"2024-10-03T11:45:23","modified_gmt":"2024-10-03T16:45:23","slug":"escaner-workforce-ds-780-n","status":"publish","type":"product","link":"https:\/\/compuimpresion.com.co\/portal\/productos\/escaner-workforce-ds-780-n\/","title":{"rendered":"Esc\u00e1ner WorkForce DS-780 N"},"content":{"rendered":"<div class=\"wpb-content-wrapper\">[vc_section][vc_row][vc_column][vc_column_text el_class=\u00bbinfo-product-col\u00bb]\n<section class=\"row\">\n<div class=\"simple-responsive-banner-component module-text-list js-tl-rte container-fluid container-main-content__aligned\" data-cpt-id=\"8796105999420\">\n<div class=\"module-content\">\n<p><b>Velocidad de escaneo veloz:<\/b>\u00a0Hasta 45 ppm \/90 ipm<sup>2<\/sup>; capturando ambos lados en una sola pasada<\/p>\n<p><b>Panel t\u00e1ctil LCD a color:<\/b>\u00a0Controles intuitivos para un procesamiento sencillo y f\u00e1cil, acceso hasta 30 trabajos definidos por el usuario<\/p>\n<p><b>M\u00f3dulo de red incorporado:<\/b>\u00a0Facilite el intercambio entre grupos de trabajo. Comparta con cualquier equipo conectado a la red<sup>1<\/sup><\/p>\n<p><b>Integraci\u00f3n f\u00e1cil:<\/b>\u00a0Incluye TWAIN e ISIS\u00ae\u00a0para intregraci\u00f3n con softwares existente<\/p>\n<p><b>Creaci\u00f3n de documentos que se pueden buscar y editar:<\/b>\u00a0Escanea documentos y convi\u00e9rtelos en Word, Excel\u00ae, PDF con reconocimiento de texto con el software OCR<\/p>\n<p><b>Escaneo directo a servicios de la nube:<\/b>\u00a0Puede escanear documentos directamente a servicios como Dropbox\u00ae, SharePoint\u00ae, Evernote\u00ae, Google DriveTM y m\u00e1s<\/p>\n<p><b>Funciones inteligentes:<\/b>\u00a0Modo lento y detecci\u00f3n de alimentaci\u00f3n doble. Gesti\u00f3n centralizada de equipos y trabajos, y panel de control con funci\u00f3n de bloqueo. Alertas de mantenimiento al administrador remotamente con Epson Device Admin<\/p>\n<p><b>Confiable y programable:<\/b>\u00a0Cuenta con un modo programable de escaneo y tiene un ciclo de trabajo de hasta 5000 p\u00e1ginas al d\u00eda<sup>3<\/sup><\/p>\n<p><b>Vers\u00e1til:<\/b>\u00a0Escan\u00e9e p\u00e1ginas plegadas, tarjetas r\u00edgidas y de presentaci\u00f3n, hojas individuales y documentos extra largos<\/p>\n<p><b>Productividad:<\/b>\u00a0Alimentador autom\u00e1tico de documentos (ADF) con capacidad para 100 p\u00e1ginas<\/p>\n<\/div>\n<\/div>\n<\/section>\n<section class=\"row\">\n<div class=\"simple-responsive-banner-component module-text-list js-tl-rte container-fluid container-main-content__aligned\" data-cpt-id=\"8796105999420\">\n<div class=\"module-content\">\n<div class=\"text-rows two-up\">\n<div class=\"text-row three-fourths\">\n<h4 class=\"module-head\">Que Hay En La Caja:<\/h4>\n<ul>\n<li>Esc\u00e1ner DS-780N<\/li>\n<li>Gu\u00eda r\u00e1pida de instalaci\u00f3n<\/li>\n<li>Cable USB de alta velocidad<\/li>\n<li>Cable de alimentaci\u00f3n el\u00e9ctrica<\/li>\n<\/ul>\n<\/div>\n<\/div>\n<\/div>\n<\/div>\n<\/section>\n[\/vc_column_text][\/vc_column][\/vc_row][vc_row][vc_column width=\u00bb1\/3&#8243;][vc_column_text el_class=\u00bbinfo-product-col\u00bb]\n<h4><strong>Especificaciones del Esc\u00e1ner:<\/strong><\/h4>\n<hr \/>\n<p><strong>Tipo de Esc\u00e1ner:<\/strong>Alimentaci\u00f3n vertical, Esc\u00e1ner a color d\u00faplex de un paso<\/p>\n<p><strong>Dispositivo Fotoel\u00e9ctrico:<\/strong>CIS (Sensor de Contacto de Imagen)<\/p>\n<p><strong>Resoluci\u00f3n \u00d3ptica:<\/strong>600 dpi<\/p>\n<p><strong>Resoluci\u00f3n M\u00e1xima:<\/strong>1200 dpi<\/p>\n<p><strong>Profundidad del Bit de Color:<\/strong>30 bits interno \/ 24 bits externo<\/p>\n<p><strong>Profundidad de la Escala de Grises del Bit:<\/strong>16 bits interno \/ 8 bits externo<\/p>\n<p><strong>Fuente de Luz:<\/strong>LED RGB de 3 colores<\/p>\n<p><strong>Velocidad de Escaneo:<\/strong>300 dpi : B\/N &amp; color ( 45 ppm\/90 ipm)[\/vc_column_text][\/vc_column][vc_column width=\u00bb1\/3&#8243;][vc_column_text el_class=\u00bbinfo-product-col\u00bb]\n<h4><strong>Alimentador Autom\u00e1tico de Documentos:<\/strong><\/h4>\n<hr \/>\n<p><strong>Capacidad:<\/strong>100 p\u00e1ginas<\/p>\n<p><strong>Tama\u00f1os de Documento:<\/strong>M\u00e1x. 21.6 x 609.6 cm<\/p>\n<p>M\u00edn. 5.08 x 5.08 cm<\/p>\n<p><strong>Peso del Papel:<\/strong>27 \u2013 413 g\/m2<\/p>\n<p><strong>Consumibles:<\/strong>Rodillo: 200.000 Hojas[\/vc_column_text][\/vc_column][vc_column width=\u00bb1\/3&#8243;][vc_column_text el_class=\u00bbinfo-product-col\u00bb]\n<h4><strong>General:<\/strong><\/h4>\n<hr \/>\n<p><strong>Sistemas de Operaci\u00f3n:<\/strong>Windows 10 32-bit, Windows 10 64-bit, Windows 8.1 32-bit, Windows 8.1 64-bit, Windows 8 32-bit, Windows 8 64-bit, Windows 7 32-bit, Windows 7 64-bit, Windows XP 32-bit, Windows XP 64-bit, Windows Vista 32-bit, Windows Vista 64-bit<\/p>\n<p><strong>Temperatura:<\/strong>5\u00b0 a 35\u00b0 C (En operaci\u00f3n)<\/p>\n<p>-25\u00b0 a 60\u00b0 C (Almacenamiento)<\/p>\n<p><strong>Humedad:<\/strong>15 &#8211; 80% (sin condensaci\u00f3n)<\/p>\n<p><strong>Dimensiones:<\/strong>Ancho: 29.6cm x Profundidad: 16.9cm x Alto: 17.6 cm<\/p>\n<p><strong>Peso:<\/strong>3,7 kg<\/p>\n<p><strong>Funciones ECO:<\/strong>Disen\u0303ados para fa\u0301cil reciclaje<sup>4<\/sup><\/p>\n<p>Adheridos a las reglas RoHS<\/p>\n<p><strong>Pa\u00eds de Origen:<\/strong>Indonesia<\/p>\n<p><strong>Garant\u00eda:<\/strong>Limitada de 1 a\u00f1o[\/vc_column_text][\/vc_column][\/vc_row][\/vc_section]\n<\/div>","protected":false},"excerpt":{"rendered":"<h3 class=\"name\">La soluci\u00f3n inteligente de alta velocidad con m\u00f3dulo de red integrado, pantalla t\u00e1ctil y gran rendimiento para oficinas<\/h3>\n<p>El esc\u00e1ner d\u00faplex a color DS-780N es una soluci\u00f3n de escaneo inteligente de alta velocidad perfecta para mejorar el flujo de trabajo en grupos, mantener el control de toda la informaci\u00f3n confidencial y aumentar la eficiencia de las operaciones y los procesos de negocio. Cuenta con una pantalla t\u00e1ctil muy f\u00e1cil de usar y un m\u00f3dulo de red integrado<sup>1<\/sup>. La intuitiva pantalla t\u00e1ctil ofrece r\u00e1pido acceso a 30 trabajos definidos por el usuario y la conexi\u00f3n a redes ofrece un f\u00e1cil intercambio de documentos entre grupos de trabajo. Agilice su negocio y escanee a una alta velocidad mediante el alimentador autom\u00e1tico de documentos (ADF) con capacidad de hasta 100 p\u00e1ginas. Los drivers TWAIN e ISIS\u00ae garantizan la integraci\u00f3n perfecta con los programas de software existentes para gesti\u00f3n de documentos. La compatibilidad de la l\u00ednea DS con ISIS permite incrementar la eficiencia en la captura de documentos que puede recopilar informaci\u00f3n en diversos formatos y desde diversos medios, haciendolo perfecto para la oficina.<\/p>\n<p><strong><a href=\"http:\/\/old.compuimpresion.com.co\/contacto\/\">\u00bfQuiere que lo contactemos?<\/a><\/strong><\/p>\n<ul>\n<li>Esc\u00e1ner con de alimentador autom\u00e1tico de 100 hojas<\/li>\n<li>Resoluci\u00f3n \u00f3ptica: 600 dpi<\/li>\n<li>Velocidad: 45 ppm \/ 90 ipm<sup>2<\/sup><\/li>\n<\/ul>\n<p><a href=\"https:\/\/mediaserver.goepson.com\/ImConvServlet\/imconv\/ecc53e8d32b85b2a38a19e2a2b131c6784f85dc7\/original\">Ficha t\u00e9cnica<\/a><\/p>\n<p><span class=\"key\">Modelo:<\/span>\u00a0<span class=\"value\">B11B227201<\/span><\/p>\n","protected":false},"featured_media":3053,"comment_status":"open","ping_status":"closed","template":"","meta":{"inline_featured_image":false},"pwb-brand":[125],"product_brand":[],"product_cat":[895],"product_tag":[],"class_list":{"0":"post-3319","1":"product","2":"type-product","3":"status-publish","4":"has-post-thumbnail","6":"pwb-brand-epson","7":"product_cat-escaner","9":"first","10":"outofstock","11":"taxable","12":"shipping-taxable","13":"product-type-simple"},"brands":[{"id":125,"name":"Epson","slug":"epson"}],"_links":{"self":[{"href":"https:\/\/compuimpresion.com.co\/portal\/wp-json\/wp\/v2\/product\/3319","targetHints":{"allow":["GET"]}}],"collection":[{"href":"https:\/\/compuimpresion.com.co\/portal\/wp-json\/wp\/v2\/product"}],"about":[{"href":"https:\/\/compuimpresion.com.co\/portal\/wp-json\/wp\/v2\/types\/product"}],"replies":[{"embeddable":true,"href":"https:\/\/compuimpresion.com.co\/portal\/wp-json\/wp\/v2\/comments?post=3319"}],"wp:featuredmedia":[{"embeddable":true,"href":"https:\/\/compuimpresion.com.co\/portal\/wp-json\/wp\/v2\/media\/3053"}],"wp:attachment":[{"href":"https:\/\/compuimpresion.com.co\/portal\/wp-json\/wp\/v2\/media?parent=3319"}],"wp:term":[{"taxonomy":"pwb-brand","embeddable":true,"href":"https:\/\/compuimpresion.com.co\/portal\/wp-json\/wp\/v2\/pwb-brand?post=3319"},{"taxonomy":"product_brand","embeddable":true,"href":"https:\/\/compuimpresion.com.co\/portal\/wp-json\/wp\/v2\/product_brand?post=3319"},{"taxonomy":"product_cat","embeddable":true,"href":"https:\/\/compuimpresion.com.co\/portal\/wp-json\/wp\/v2\/product_cat?post=3319"},{"taxonomy":"product_tag","embeddable":true,"href":"https:\/\/compuimpresion.com.co\/portal\/wp-json\/wp\/v2\/product_tag?post=3319"}],"curies":[{"name":"wp","href":"https:\/\/api.w.org\/{rel}","templated":true}]}}