{"id":3288,"date":"2021-10-19T14:45:07","date_gmt":"2021-10-19T19:45:07","guid":{"rendered":"https:\/\/new.compuimpresion.com.co\/portal\/?post_type=product&#038;p=3288"},"modified":"2026-02-05T14:05:35","modified_gmt":"2026-02-05T19:05:35","slug":"proyector-powerlite-e20","status":"publish","type":"product","link":"https:\/\/compuimpresion.com.co\/portal\/productos\/proyector-powerlite-e20\/","title":{"rendered":"Proyector Epson PowerLite E20  3400 Lumenes"},"content":{"rendered":"<div class=\"wpb-content-wrapper\">[vc_section][vc_row][vc_column][vc_column_text el_class=\u00bbinfo-product-col\u00bb]\n<ul>\n<li><b>Tama\u00f1o de pantalla de hasta 350&#8243;<\/b>\u00a0\u2014 wcon capacidad Split Screen<sup>4<\/sup>\u00a0para una vizualici\u00f3n lado a lado<\/li>\n<\/ul>\n<h3>Caracter\u00edsticas Ecol\u00f3gicas<\/h3>\n<ul>\n<li>Cumple con RoHS<\/li>\n<li>Producto reciclable<sup>5<\/sup><\/li>\n<\/ul>\n<h4 class=\"module-head\">Que Hay En La Caja:<\/h4>\n<ul>\n<li>Proyector PowerLite E20<\/li>\n<li>Cable de Poder<\/li>\n<li>Cable (VGA)<\/li>\n<li>Control remoto del proyector<\/li>\n<li>Pilas<\/li>\n<li>CD de Software<\/li>\n<li>Hoja de configuraci\u00f3n r\u00e1pida<\/li>\n<li>Tarjeta de garant\u00eda<\/li>\n<\/ul>\n[\/vc_column_text][\/vc_column][\/vc_row][vc_row][vc_column width=\u00bb1\/3&#8243;][vc_column_text el_class=\u00bbinfo-product-col\u00bb]\n<h4><strong>Especificaciones del Proyector:<\/strong><\/h4>\n<hr \/>\n<p><strong>Sistema de Proyecci\u00f3n:<\/strong>Tecnolog\u00eda Epson 3LCD de 3 chips<\/p>\n<p><strong>M\u00e9todo de Proyecci\u00f3n:<\/strong>Frontal \/ Posterior \/ Techo<\/p>\n<p><strong>M\u00e9todo de visualizaci\u00f3n:<\/strong>Matriz activa de polisilicio TFT<\/p>\n<p><strong>N\u00famero de Pixeles:<\/strong>786,432 dots (1024 x 768) x 3<\/p>\n<p><strong>Luminosidad en Color:<\/strong>3.400 L\u00famenes<\/p>\n<p><strong>Luminosidad en Blanco:<\/strong>3.400 L\u00famenes<\/p>\n<p><strong>Relaci\u00f3n de Aspecto:<\/strong>4:3<\/p>\n<p><strong>Resoluci\u00f3n Nativa:<\/strong>1024 x 768 (XGA)<\/p>\n<p><strong>Re escalamiento:<\/strong>1280 x 800 (WXGA), 1280 x 960 (SXGA2), 1280 x 1024 (SXGA3) 1366 x 768 (WXGA60-3), 1400 x 1050 (SXGA+), 1440 x 900 (WXGA+)<\/p>\n<p><strong>Tipo de L\u00e1mpara:<\/strong>210W UHE<\/p>\n<p><strong>Vida \u00datil de la L\u00e1mpara:<\/strong><\/p>\n<ul>\n<li>Modo ECO: hasta 12.000 horas<sup>3<\/sup><\/li>\n<li>Modo Normal: hasta 6.000 horas<sup>3<\/sup><\/li>\n<\/ul>\n<p><strong>Relaci\u00f3n de Proyecci\u00f3n:<\/strong>1.44 (Zoom: Wide), 1.95 (Zoom: Tele)<\/p>\n<p><strong>Tama\u00f1o &#8211; distancia projectada:<\/strong>30&#8243; to 350&#8243; (0.76 to 10.34 m)<\/p>\n<p><strong>Correcci\u00f3n de Trapecio:<\/strong><\/p>\n<ul>\n<li>Automatic: Vertical: \u00b130 degrees<\/li>\n<li>Slider: Horizontal: \u00b130 degrees<\/li>\n<\/ul>\n<p><strong>USB Plug &#8216;n Play:<\/strong>El proyector es compatible con computadoras PC y Mac<\/p>\n<p><strong>Relaci\u00f3n de Contraste:<\/strong>Hasta 15.000:1<\/p>\n<p><strong>Reproducci\u00f3n del Color:<\/strong>Hasta 1 bill\u00f3n de colores[\/vc_column_text][\/vc_column][vc_column width=\u00bb1\/3&#8243;][vc_column_text el_class=\u00bbinfo-product-col\u00bb]\n<h4><strong>General:<\/strong><\/h4>\n<hr \/>\n<p><strong>Temperatura:<\/strong>41 \u02da to 95 \u02daF (5 \u02da to 35 \u02daC)<\/p>\n<p><strong>Peso:<\/strong>2,7 Kg<\/p>\n<p><strong>Seguridad:<\/strong>Kensington\u00ae Lock, traba de seguridad[\/vc_column_text][\/vc_column][vc_column width=\u00bb1\/3&#8243;][vc_column_text el_class=\u00bbinfo-product-col\u00bb]\n<h4><strong>Energ\u00eda:<\/strong><\/h4>\n<hr \/>\n<p><strong>Voltaje de Fuente de Poder:<\/strong>100 \u2013 240VAC \u00b110%, 50 \/ 60Hz AC<\/p>\n<p><strong>Consumo de Energ\u00eda:<\/strong><\/p>\n<ul>\n<li>Modo ECO: 235 W<\/li>\n<li>Modo Normal: 345 W<\/li>\n<\/ul>\n[\/vc_column_text][\/vc_column][\/vc_row][\/vc_section]\n<\/div>","protected":false},"excerpt":{"rendered":"<h3 class=\"name\">Crea entornos de aprendizaje atractivos con el proyector 3LCD ultrabrillante.<\/h3>\n<div class=\"description\">\n<p>Obt\u00e9n una sorprendente proyecci\u00f3n en la sala de clases a un precio accesible con el proyector PowerLite E20. Con la avanzada tecnolog\u00eda 3LCD, este proyector ultrabrillante de 3.400-l\u00famenes<sup>1<\/sup>\u00a0ofrece im\u00e1genes vibrantes y muy reales con el mejor Brillo de Color<sup>2<\/sup>\u00a0y una resoluci\u00f3n nativa XGA. Dise\u00f1ado espec\u00edficamente para ambientes de salas de clases, el PowerLite E20 aumenta la participaci\u00f3n y enriquece las lecciones con conectividad HDMI<sup>\u00ae<\/sup>\u00a0y un altavoz incorporado de 5 W. Construido para durar, este proyector proporciona una larga vida \u00fatil de la l\u00e1mpara de 12.000 horas en Modo ECO<sup>3<\/sup>, adem\u00e1s de una f\u00e1cil instalaci\u00f3n y flexibilidad de posicionamiento para una f\u00e1cil proyecci\u00f3n desde cualquier lugar de la sala de clases.<\/p>\n<p><strong><a href=\"http:\/\/old.compuimpresion.com.co\/contacto\/\">\u00bfQuiere que lo contactemos?<\/a><\/strong><\/p>\n<ul>\n<li>Tecnolog\u00eda 3LCD para obtener el mejor Brillo de cClor de su clase<sup>2<\/sup><\/li>\n<li>Resoluci\u00f3n XGA Nativa y rendimieno de 4:3<\/li>\n<li>Larga vida \u00fatil de la l\u00e1mpara de hasta12.000 horas en Modo ECO<sup>3<\/sup><\/li>\n<li>F\u00e1cil configuraci\u00f3n y flexibilidad de posicionamiento<\/li>\n<li>Conectividad HDMI<\/li>\n<li><b><a href=\"https:\/\/epson.com.co\/Support\/wa00814\" target=\"_blank\" rel=\"noopener\">CALCULADOR DE PROYECCI\u00d3N DE DISTANCIA Y TAMA\u00d1O DE\u00a0 PROYECCI\u00d3N \u25ba<\/a><\/b><\/li>\n<\/ul>\n<p><a href=\"https:\/\/mediaserver.goepson.com\/ImConvServlet\/imconv\/212dfc2a73a66938bb7b0220b2797a7b9ca366af\/original?assetDescr=PowerLite-E20-EAI-CURVAS\">Ficha t\u00e9cnica<\/a><span class=\"key\">Modelo:<\/span>\u00a0<span class=\"value\">V11H981020<\/span><\/p>\n<\/div>\n","protected":false},"featured_media":5427,"comment_status":"open","ping_status":"closed","template":"","meta":{"inline_featured_image":false},"pwb-brand":[125],"product_brand":[],"product_cat":[256],"product_tag":[372,371,245,373,359,358],"class_list":{"0":"post-3288","1":"product","2":"type-product","3":"status-publish","4":"has-post-thumbnail","6":"pwb-brand-epson","7":"product_cat-video-proyectores-2","8":"product_tag-372","9":"product_tag-e20","10":"product_tag-epson","11":"product_tag-lumenes","12":"product_tag-powerlite","13":"product_tag-proyector","15":"first","16":"outofstock","17":"featured","18":"taxable","19":"shipping-taxable","20":"purchasable","21":"product-type-simple"},"brands":[{"id":125,"name":"Epson","slug":"epson"}],"_links":{"self":[{"href":"https:\/\/compuimpresion.com.co\/portal\/wp-json\/wp\/v2\/product\/3288","targetHints":{"allow":["GET"]}}],"collection":[{"href":"https:\/\/compuimpresion.com.co\/portal\/wp-json\/wp\/v2\/product"}],"about":[{"href":"https:\/\/compuimpresion.com.co\/portal\/wp-json\/wp\/v2\/types\/product"}],"replies":[{"embeddable":true,"href":"https:\/\/compuimpresion.com.co\/portal\/wp-json\/wp\/v2\/comments?post=3288"}],"wp:featuredmedia":[{"embeddable":true,"href":"https:\/\/compuimpresion.com.co\/portal\/wp-json\/wp\/v2\/media\/5427"}],"wp:attachment":[{"href":"https:\/\/compuimpresion.com.co\/portal\/wp-json\/wp\/v2\/media?parent=3288"}],"wp:term":[{"taxonomy":"pwb-brand","embeddable":true,"href":"https:\/\/compuimpresion.com.co\/portal\/wp-json\/wp\/v2\/pwb-brand?post=3288"},{"taxonomy":"product_brand","embeddable":true,"href":"https:\/\/compuimpresion.com.co\/portal\/wp-json\/wp\/v2\/product_brand?post=3288"},{"taxonomy":"product_cat","embeddable":true,"href":"https:\/\/compuimpresion.com.co\/portal\/wp-json\/wp\/v2\/product_cat?post=3288"},{"taxonomy":"product_tag","embeddable":true,"href":"https:\/\/compuimpresion.com.co\/portal\/wp-json\/wp\/v2\/product_tag?post=3288"}],"curies":[{"name":"wp","href":"https:\/\/api.w.org\/{rel}","templated":true}]}}