{"id":3286,"date":"2021-10-19T14:45:07","date_gmt":"2021-10-19T19:45:07","guid":{"rendered":"https:\/\/new.compuimpresion.com.co\/portal\/?post_type=product&#038;p=3286"},"modified":"2026-02-06T10:23:59","modified_gmt":"2026-02-06T15:23:59","slug":"escaner-workforce-ds-970","status":"publish","type":"product","link":"https:\/\/compuimpresion.com.co\/portal\/productos\/escaner-workforce-ds-970\/","title":{"rendered":"Esc\u00e1ner WorkForce DS-970"},"content":{"rendered":"<div class=\"wpb-content-wrapper\">[vc_section][vc_row][vc_column][vc_column_text el_class=\u00bbinfo-product-col\u00bb]\n<section class=\"row\">\n<div class=\"simple-responsive-banner-component module-text-list js-tl-rte container-fluid container-main-content__aligned\" data-cpt-id=\"8796105999420\">\n<div class=\"module-content\">\n<p><b>Incluye Software con OCR &#8211;<\/b>\u00a0Con el sotfware Epson Document Capture Pro (incluido) podr\u00e1 crear archivos PDF con capacidad de b\u00fasqueda o escanear a cuentas de almacenamiento en l\u00ednea como Evernote\u00ae, SharePoint\u00ae y Google Drive \u2122\u00a0<sup>3<\/sup><\/p>\n<p><b>Compatibilidad con sistemas de administraci\u00f3n de documentos &#8211;<\/b>\u00a0Incluye controladores TWAIN e ISIS para una f\u00e1cil integraci\u00f3n con el software existente.<\/p>\n<p><b>Versatilidad &#8211;<\/b>\u00a0M\u00f3dulo de red opcional para grupos de trabajo y accesorio de cama plana para conectarse a un esc\u00e1ner de fotos Epson compatible<sup>4<\/sup>\u00a0(ambos se venden por separado)<\/p>\n<\/div>\n<\/div>\n<\/section>\n<section class=\"row\">\n<div class=\"simple-responsive-banner-component module-text-list js-tl-rte container-fluid container-main-content__aligned\" data-cpt-id=\"8796105999420\">\n<div class=\"module-content\">\n<div class=\"text-rows two-up\">\n<div class=\"text-row three-fourths\">\n<h4 class=\"module-head\">Que Hay En La Caja:<\/h4>\n<div>\n<ul>\n<li>Epson\u00ae DS-970<\/li>\n<li>Cable de alta velocidad USB 3.0<\/li>\n<li>Adaptador de corriente<\/li>\n<li>Gu\u00eda de inicio<\/li>\n<\/ul>\n<\/div>\n<\/div>\n<\/div>\n<\/div>\n<\/div>\n<\/section>\n[\/vc_column_text][\/vc_column][\/vc_row][vc_row][vc_column width=\u00bb1\/3&#8243;][vc_column_text el_class=\u00bbinfo-product-col\u00bb]\n<h4><strong>Especificaciones del Esc\u00e1ner:<\/strong><\/h4>\n<hr \/>\n<p><strong>Tipo de Esc\u00e1ner:<\/strong>Alimentaci\u00f3n vertical, esc\u00e1ner d\u00faplex a color de una pasada<\/p>\n<p><strong>Sensor:<\/strong>Contact image sensor (CIS) color<\/p>\n<p><strong>Dispositivo Fotoel\u00e9ctrico:<\/strong>Sensor de imagen por contacto de 1 l\u00ednea CMOS<\/p>\n<p><strong>Resoluci\u00f3n \u00d3ptica:<\/strong>600 dpi<\/p>\n<p><strong>Resoluci\u00f3n M\u00e1xima:<\/strong>1200 dpi<\/p>\n<p><strong>Profundidad del Bit de Color:<\/strong>RGB: 30 bits de entrada \/ 24 bits de salida<\/p>\n<p><strong>Caracter\u00edsticas del esc\u00e1ner:<\/strong>Carro fijo y documento en movimiento<\/p>\n<p><strong>M\u00e1xima Superficie de Digitalizaci\u00f3n:<\/strong>A 200 dpi: m\u00e1x 215.9mm x 6096mm (8.5&#8243;\u00bb x 240&#8243;\u00bb); min 50.8mm x 50.8mm (2&#8243;\u00bb x 2&#8243;\u00bb) Gramaje de papel: 27 a 413 g\/m2<\/p>\n<p><strong>Fuente de Luz:<\/strong>LED RGB de 3 colores<\/p>\n<p><strong>Velocidad de Escaneo:<\/strong>Blanco y negro, color, escala de grises, 200 y 300dpi: 85 ppm\/170 ipm<sup>1<\/sup>[\/vc_column_text][\/vc_column][vc_column width=\u00bb1\/3&#8243;][vc_column_text el_class=\u00bbinfo-product-col\u00bb]\n<h4><strong>Alimentador Autom\u00e1tico de Documentos:<\/strong><\/h4>\n<hr \/>\n<p><strong>Capacidad:<\/strong>100 p\u00e1ginas<\/p>\n<p><strong>Ciclo Diario de Trabajo:<\/strong>Hasta 9.000 p\u00e1ginas<sup>2<\/sup><\/p>\n<p><strong>Peso del Papel:<\/strong>27 a 413 g\/m2[\/vc_column_text][\/vc_column][vc_column width=\u00bb1\/3&#8243;][vc_column_text el_class=\u00bbinfo-product-col\u00bb]\n<h4><strong>General:<\/strong><\/h4>\n<hr \/>\n<p><strong>Sistemas de Operaci\u00f3n:<\/strong>Windows\u00ae 10 (32-bit, 64-bit), Windows\u00ae 8 \/Windows\u00ae 8.1 (32-bit, 64-bit), Windows\u00ae 7 (32-bit, 64-bit) SP1<\/p>\n<p>Mac\u00ae OS X\u00ae 10.11.x \/ Mac\u00ae OS 10.14.x<\/p>\n<p><strong>Temperatura:<\/strong>Funcionamiento: 5\u00b0 a 35\u00b0C (41 \u00b0 to 95 \u00b0F)<\/p>\n<p><strong>Humedad:<\/strong>Funcionamiento: 15 &#8211; 85% (sin condensaci\u00f3n)<\/p>\n<p><strong>Dimensiones:<\/strong>29,6 x 21,1 x 21,6cm (11.6&#8243; x 8.3&#8243; x 8.5&#8243;)<\/p>\n<p><strong>Peso:<\/strong>3,58k (7.9lb)<\/p>\n<p><strong>Pa\u00eds de Origen:<\/strong>Indonesia<\/p>\n<p><strong>Garant\u00eda:<\/strong>12 meses[\/vc_column_text][\/vc_column][\/vc_row][\/vc_section]\n<\/div>","protected":false},"excerpt":{"rendered":"<h3 class=\"name\">Esc\u00e1ner de escritorio ultra r\u00e1pido, confiable y robusto para grupos de trabajo de alto volumen.<\/h3>\n<div class=\"description\">\n<p>Dise\u00f1ado para otorgar un alto rendimiento para su grupo de trabajo con el ultra r\u00e1pido, confiable y robusto esc\u00e1ner de documentos DS-970. Dise\u00f1ado para espacios que requieren velocidad y productividad, el DS-970 ofrece velocidades de hasta 85 ppm\/170 ipm<sup>1<\/sup>, un alimentador autom\u00e1tico (ADF) de gran volumen (hasta 100 p\u00e1ginas), y un ciclo diario de trabajo de hasta 9,000 p\u00e1ginas<sup>2<\/sup>. Los drivers TWAIN e ISIS<sup>\u00ae<\/sup>\u00a0incluidos proporcionan una integraci\u00f3n sencilla con sistemas de administracion de documentos, mientras que la pantalla LCD y los botones facilitan el escaneo y la selecci\u00f3n de modos.<\/p>\n<p><strong><a href=\"http:\/\/old.compuimpresion.com.co\/contacto\/\">\u00bfQuiere que lo contactemos?<\/a><\/strong><\/p>\n<ul>\n<li>F\u00e1cil de usar<\/li>\n<li>Esc\u00e1ner ultra r\u00e1pido<\/li>\n<li>Escaneo confiable de altos vol\u00famenes de documentos<\/li>\n<\/ul>\n<p><a href=\"https:\/\/mediaserver.goepson.com\/ImConvServlet\/imconv\/e1b17b2a5ee3535aeb28084a032ea2e4c8c47c2f\/original?assetDescr=Ficha-t%C3%A9cnica-DS-970-v2.pdf\">Ficha t\u00e9cnica<\/a><span class=\"key\">Modelo:<\/span>\u00a0<span class=\"value\">B11B251201<\/span><\/p>\n<\/div>\n","protected":false},"featured_media":3059,"comment_status":"open","ping_status":"closed","template":"","meta":{"inline_featured_image":false},"pwb-brand":[125],"product_brand":[],"product_cat":[895],"product_tag":[],"class_list":{"0":"post-3286","1":"product","2":"type-product","3":"status-publish","4":"has-post-thumbnail","6":"pwb-brand-epson","7":"product_cat-escaner","9":"first","10":"outofstock","11":"taxable","12":"shipping-taxable","13":"product-type-simple"},"brands":[{"id":125,"name":"Epson","slug":"epson"}],"_links":{"self":[{"href":"https:\/\/compuimpresion.com.co\/portal\/wp-json\/wp\/v2\/product\/3286","targetHints":{"allow":["GET"]}}],"collection":[{"href":"https:\/\/compuimpresion.com.co\/portal\/wp-json\/wp\/v2\/product"}],"about":[{"href":"https:\/\/compuimpresion.com.co\/portal\/wp-json\/wp\/v2\/types\/product"}],"replies":[{"embeddable":true,"href":"https:\/\/compuimpresion.com.co\/portal\/wp-json\/wp\/v2\/comments?post=3286"}],"wp:featuredmedia":[{"embeddable":true,"href":"https:\/\/compuimpresion.com.co\/portal\/wp-json\/wp\/v2\/media\/3059"}],"wp:attachment":[{"href":"https:\/\/compuimpresion.com.co\/portal\/wp-json\/wp\/v2\/media?parent=3286"}],"wp:term":[{"taxonomy":"pwb-brand","embeddable":true,"href":"https:\/\/compuimpresion.com.co\/portal\/wp-json\/wp\/v2\/pwb-brand?post=3286"},{"taxonomy":"product_brand","embeddable":true,"href":"https:\/\/compuimpresion.com.co\/portal\/wp-json\/wp\/v2\/product_brand?post=3286"},{"taxonomy":"product_cat","embeddable":true,"href":"https:\/\/compuimpresion.com.co\/portal\/wp-json\/wp\/v2\/product_cat?post=3286"},{"taxonomy":"product_tag","embeddable":true,"href":"https:\/\/compuimpresion.com.co\/portal\/wp-json\/wp\/v2\/product_tag?post=3286"}],"curies":[{"name":"wp","href":"https:\/\/api.w.org\/{rel}","templated":true}]}}