{"id":3284,"date":"2021-10-19T14:45:06","date_gmt":"2021-10-19T19:45:06","guid":{"rendered":"https:\/\/new.compuimpresion.com.co\/portal\/?post_type=product&#038;p=3284"},"modified":"2024-07-19T16:01:13","modified_gmt":"2024-07-19T21:01:13","slug":"escaner-workforce-ds-770","status":"publish","type":"product","link":"https:\/\/compuimpresion.com.co\/portal\/productos\/escaner-workforce-ds-770\/","title":{"rendered":"Esc\u00e1ner WorkForce DS-770"},"content":{"rendered":"<div class=\"wpb-content-wrapper\">[vc_section][vc_row][vc_column][vc_column_text el_class=\u00bbinfo-product-col\u00bb]\n<section class=\"row\">\n<div class=\"simple-responsive-banner-component module-text-list js-tl-rte container-fluid container-main-content__aligned\" data-cpt-id=\"8796105999420\">\n<div class=\"module-content\">\n<p><b>Velocidad de escaneo veloz:<\/b>\u00a0Hasta 45 ppm \/90 ipm<sup>1<\/sup>; capturando ambos lados en una sola pasada<\/p>\n<p><b>Integraci\u00f3n f\u00e1cil:<\/b>\u00a0Incluye TWAIN e ISIS\u00ae para intregraci\u00f3n con softwares existente<\/p>\n<p><b>Escaneo directo a servicios de la nube:<\/b>\u00a0Puede escanear documentos directamente a servicios como Dropbox\u00ae, SharePoint\u00ae, Evernote\u00ae, Google DriveTM y m\u00e1s<sup>2<\/sup><\/p>\n<p><b>Creaci\u00f3n de documentos que se pueden buscar y editar:<\/b>\u00a0Escanee documentos y convirtalos en archivos Word y\u00a0Excel\u00ae editables, o PDF con reconocimiento de texto con el software OCR<\/p>\n<p><b>Vers\u00e1til:<\/b>\u00a0Escanea p\u00e1ginas plegadas, tarjetas de identificaci\u00f3n r\u00edgidas y de presentaci\u00f3n, hojas individuales y m\u00e1s.<\/p>\n<p><b>Productividad:<\/b>\u00a0Alimentador autom\u00e1tico de documentos (ADF) con capacidad para 100 p\u00e1ginas<\/p>\n<p><b>Tecnologias Avanzadas:<\/b>\u00a0Herramientas para la correcci\u00f3n de inclinaci\u00f3n y la Detecci\u00f3n Ultras\u00f3nica de Alimentaci\u00f3n Doble que ofrecen mayor confiabilidad<\/p>\n<p><b>Confiable y programable:<\/b>\u00a0Cuenta con un modo programable de escaneo y tiene un ciclo de trabajo de hasta 5000 p\u00e1ginas al d\u00eda<sup>3<\/sup><\/p>\n<p><b>Funciones Avanzadas:<\/b>\u00a0Detecci\u00f3n autom\u00e1tica para salto de p\u00e1gina, modo de escaneo lento, y programaci\u00f3n de trabajos<\/p>\n<p><b>Opcional:<\/b>\u00a0Flatbed scanner dock<\/p>\n<p><b>Panel de red opcional:<\/b>\u00a0Permite compartir documentos a diversos equipos de trabajo<\/p>\n<\/div>\n<\/div>\n<\/section>\n<section class=\"row\">\n<div class=\"simple-responsive-banner-component module-text-list js-tl-rte container-fluid container-main-content__aligned\" data-cpt-id=\"8796105999420\">\n<div class=\"module-content\">\n<div class=\"text-rows two-up\">\n<div class=\"text-row three-fourths\">\n<h4 class=\"module-head\">Que Hay En La Caja:<\/h4>\n<hr \/>\n<div>\n<ul>\n<li>Esc\u00e1ner DS-770<\/li>\n<li>Start Here poster<\/li>\n<li>Cable USB de alta velocidad<\/li>\n<li>Adaptador de CA<\/li>\n<li>Cable de alimentaci\u00f3n el\u00e9ctrica<\/li>\n<\/ul>\n<\/div>\n<\/div>\n<\/div>\n<\/div>\n<\/div>\n<\/section>\n[\/vc_column_text][\/vc_column][\/vc_row][vc_row][vc_column width=\u00bb1\/3&#8243;][vc_column_text el_class=\u00bbinfo-product-col\u00bb]\n<h4><strong>Especificaciones del Esc\u00e1ner:<\/strong><\/h4>\n<hr \/>\n<p><strong>Tipo de Esc\u00e1ner:<\/strong>Alimentaci\u00f3n vertical, Esc\u00e1ner a color d\u00faplex de un paso<\/p>\n<p><strong>Dispositivo Fotoel\u00e9ctrico:<\/strong>CIS (Sensor de Contacto de Imagen)<\/p>\n<p><strong>Resoluci\u00f3n \u00d3ptica:<\/strong>600 dpi<\/p>\n<p><strong>Resoluci\u00f3n M\u00e1xima:<\/strong>1200 dpi<\/p>\n<p><strong>Profundidad del Bit de Color:<\/strong>30 bits interno \/ 24 bits externo<\/p>\n<p><strong>Profundidad de la Escala de Grises del Bit:<\/strong>16 bits interno \/ 8 bits externo<\/p>\n<p><strong>Fuente de Luz:<\/strong>LED RGB de 3 colores<\/p>\n<p><strong>Velocidad de Escaneo:<\/strong>300 dpi : B\/N &amp; color ( 45 ppm\/90 ipm)[\/vc_column_text][\/vc_column][vc_column width=\u00bb1\/3&#8243;][vc_column_text el_class=\u00bbinfo-product-col\u00bb]\n<h4><strong>Alimentador Autom\u00e1tico de Documentos:<\/strong><\/h4>\n<hr \/>\n<p><strong>Capacidad:<\/strong>100 p\u00e1ginas<\/p>\n<p><strong>Tama\u00f1os de Documento:<\/strong>M\u00e1x. 21.6 x 609.6 cm<\/p>\n<p>M\u00edn. 5 x 5cm<\/p>\n<p><strong>Peso del Papel:<\/strong>27 \u2013 413 g\/m2<\/p>\n<p><strong>Consumibles:<\/strong>Rodillo: 200,000 Hojas[\/vc_column_text][\/vc_column][vc_column width=\u00bb1\/3&#8243;][vc_column_text el_class=\u00bbinfo-product-col\u00bb]\n<h4><strong>General:<\/strong><\/h4>\n<hr \/>\n<p><strong>Sistemas de Operaci\u00f3n:<\/strong>Windows 10 32-bit, Windows 10 64-bit, Windows 8.1 32-bit, Windows 8.1 64-bit, Windows 8 32-bit, Windows 8 64-bit, Windows 7 32-bit, Windows 7 64-bit, Windows XP 32-bit, Windows XP 64-bit, Windows Vista 32-bit, Windows Vista 64-bit<\/p>\n<p><strong>Temperatura:<\/strong>5\u00b0 a 35\u00b0 C (En operaci\u00f3n)<\/p>\n<p>-25\u00b0 a 60\u00b0 C (Almacenamiento)<\/p>\n<p><strong>Humedad:<\/strong>10 &#8211; 80% (sin condensaci\u00f3n)<\/p>\n<p><strong>Dimensiones:<\/strong>Ancho: 29.6cm x Profundidad: 16.9cm x Alto: 17.6 cm<\/p>\n<p><strong>Peso:<\/strong>3,7 kg<\/p>\n<p><strong>Funciones ECO:<\/strong>Disen\u0303ados para fa\u0301cil reciclaje<\/p>\n<p>Adheridos a las reglas RoHS<\/p>\n<p><strong>Pa\u00eds de Origen:<\/strong>Indonesia<\/p>\n<p><strong>Garant\u00eda:<\/strong>Limitada de 1 a\u00f1o[\/vc_column_text][\/vc_column][\/vc_row][\/vc_section]\n<\/div>","protected":false},"excerpt":{"rendered":"<h3 class=\"name\">La soluci\u00f3n de alta velocidad de escaneo para la administraci\u00f3n eficiente de documentos empresariales<\/h3>\n<div class=\"description\">\n<p>El r\u00e1pido y eficiente esc\u00e1ner de documentos d\u00faplex a color DS-770 es la elecci\u00f3n perfecta para la eficiente gesti\u00f3n de documentos empresariales. Ofrece un rendimiento de clase mundial a un gran valor precio-calidad. Con una velocidad de hasta 45 ppm \/ 90 ipm<sup>1<\/sup>, este potente y compacto esc\u00e1ner incluye los drivers TWAIN e ISIS\u00ae para una integraci\u00f3n perfecta con los sistemas de gesti\u00f3n de documentos existentes. La compatibilidad de la l\u00ednea DS con ISIS permite incrementar la eficiencia en la captura de documentos que puede recopilar informaci\u00f3n en diversos formatos y desde diversos medios, haciendolo perfecto para la oficina.\u00a0 Escanea r\u00e1pidamente lotes de p\u00e1ginas a una PC, Mac\u00ae, o cuenta de almacenamiento en l\u00ednea como Dropbox\u00ae o SharePoint\u00ae<sup>2<\/sup>. Las tecnolog\u00edas avanzadas de alimentaci\u00f3n de papel, como la correcci\u00f3n de inclinaci\u00f3n din\u00e1mica y la detecci\u00f3n ultras\u00f3nica de alimentaci\u00f3n doble, ofrecen mayor confiabilidad y el alimentador autom\u00e1tico de documentos de 100 p\u00e1ginas ahorra tiempo.<\/p>\n<p><strong><a href=\"http:\/\/old.compuimpresion.com.co\/contacto\/\">\u00bfQuiere que lo contactemos?<\/a><\/strong><\/p>\n<ul>\n<li>Esc\u00e1ner con de alimentador autom\u00e1tico de 100 hojas<\/li>\n<li>Resoluci\u00f3n \u00f3ptica: 600 dpi<\/li>\n<li>Velocidad: 45 ppm \/ 90 ipm<sup>1<\/sup><\/li>\n<\/ul>\n<p><a href=\"https:\/\/mediaserver.goepson.com\/ImConvServlet\/imconv\/7bb3d638d25f651d235181fd41ea5e4967e39a75\/original\">Ficha t\u00e9cnica<\/a><span class=\"key\">Modelo:<\/span>\u00a0<span class=\"value\">B11B248301<\/span><\/p>\n<\/div>\n","protected":false},"featured_media":3050,"comment_status":"open","ping_status":"closed","template":"","meta":{"inline_featured_image":false},"pwb-brand":[125],"product_brand":[],"product_cat":[895],"product_tag":[],"class_list":{"0":"post-3284","1":"product","2":"type-product","3":"status-publish","4":"has-post-thumbnail","6":"pwb-brand-epson","7":"product_cat-escaner","9":"first","10":"outofstock","11":"taxable","12":"shipping-taxable","13":"product-type-simple"},"brands":[{"id":125,"name":"Epson","slug":"epson"}],"_links":{"self":[{"href":"https:\/\/compuimpresion.com.co\/portal\/wp-json\/wp\/v2\/product\/3284","targetHints":{"allow":["GET"]}}],"collection":[{"href":"https:\/\/compuimpresion.com.co\/portal\/wp-json\/wp\/v2\/product"}],"about":[{"href":"https:\/\/compuimpresion.com.co\/portal\/wp-json\/wp\/v2\/types\/product"}],"replies":[{"embeddable":true,"href":"https:\/\/compuimpresion.com.co\/portal\/wp-json\/wp\/v2\/comments?post=3284"}],"wp:featuredmedia":[{"embeddable":true,"href":"https:\/\/compuimpresion.com.co\/portal\/wp-json\/wp\/v2\/media\/3050"}],"wp:attachment":[{"href":"https:\/\/compuimpresion.com.co\/portal\/wp-json\/wp\/v2\/media?parent=3284"}],"wp:term":[{"taxonomy":"pwb-brand","embeddable":true,"href":"https:\/\/compuimpresion.com.co\/portal\/wp-json\/wp\/v2\/pwb-brand?post=3284"},{"taxonomy":"product_brand","embeddable":true,"href":"https:\/\/compuimpresion.com.co\/portal\/wp-json\/wp\/v2\/product_brand?post=3284"},{"taxonomy":"product_cat","embeddable":true,"href":"https:\/\/compuimpresion.com.co\/portal\/wp-json\/wp\/v2\/product_cat?post=3284"},{"taxonomy":"product_tag","embeddable":true,"href":"https:\/\/compuimpresion.com.co\/portal\/wp-json\/wp\/v2\/product_tag?post=3284"}],"curies":[{"name":"wp","href":"https:\/\/api.w.org\/{rel}","templated":true}]}}