{"id":3264,"date":"2021-10-19T14:44:43","date_gmt":"2021-10-19T19:44:43","guid":{"rendered":"https:\/\/new.compuimpresion.com.co\/portal\/?post_type=product&#038;p=3264"},"modified":"2026-04-14T18:17:36","modified_gmt":"2026-04-14T23:17:36","slug":"impresora-multifuncional-bolsa-monocromatica-m3170","status":"publish","type":"product","link":"https:\/\/compuimpresion.com.co\/portal\/productos\/impresora-multifuncional-bolsa-monocromatica-m3170\/","title":{"rendered":"Impresora multifuncional Epson M3170 Monocrom\u00e1tica"},"content":{"rendered":"<div class=\"wpb-content-wrapper\">[vc_section][vc_row][vc_column][vc_column_text el_class=\u00bbinfo-product-col firstcol\u00bb]\n<div class=\"container-fluid\">\n<div id=\"overview\" class=\"panel panel-default\">\n<div id=\"panel-overview\" class=\"panel-collapse collapse in\" data-parent=\"#accordion\">\n<div class=\"panel-body\">\n<section class=\"row\">\n<div class=\"simple-responsive-banner-component module-text-list js-tl-rte container-fluid container-main-content__aligned\" data-cpt-id=\"8796105999420\">\n<div class=\"module-content\">\n<p><b>Reducci\u00f3n de costos &#8211;<\/b>\u00a0ahorra hasta 90% vs. l\u00e1ser con botellas de reemplazo de bajo costo<sup>1<\/sup>.<\/p>\n<p><b>Ahorra con esta compra &#8211;<\/b>\u00a02 botellas incluidas equivalen a aproximadamente 6 t\u00f3ners<sup>4<\/sup>.<\/p>\n<p><b>Calidad profesional &#8211;<\/b>\u00a0tinta negra pigmentada ideal para impresi\u00f3n de documentos de negocio con secado instant\u00e1neo, resistente al aguia y a borrones.<\/p>\n<\/div>\n<\/div>\n<\/section>\n<section class=\"row\">\n<div class=\"simple-responsive-banner-component module-text-list js-tl-rte container-fluid container-main-content__aligned\" data-cpt-id=\"8796105999420\">\n<div class=\"module-content\">\n<div class=\"text-rows two-up\">\n<div class=\"text-row three-fourths\">\n<h4 class=\"module-head\">Que Hay En La Caja:<\/h4>\n<p>&nbsp;<\/p>\n<div>\n<ul>\n<li>Multifuncional inal\u00e1mbrica en blanco y negro EcoTank M3170<\/li>\n<li>Gu\u00eda r\u00e1pida de instalaci\u00f3n<\/li>\n<li>Cable USB<\/li>\n<li>Cable de alimentaci\u00f3n<\/li>\n<li>2 botellas negras T534 de inicializaci\u00f3n<\/li>\n<li>CD con drivers, manuales, software para edici\u00f3n de fotos<\/li>\n<\/ul>\n<\/div>\n<\/div>\n<\/div>\n<\/div>\n<\/div>\n<\/section>\n<\/div>\n<\/div>\n<\/div>\n<\/div>\n[\/vc_column_text][\/vc_column][\/vc_row][vc_row][vc_column width=\u00bb1\/3&#8243;][vc_column_text el_class=\u00bbinfo-product-col\u00bb]\n<h4><strong>Imprimir:<\/strong><\/h4>\n<hr \/>\n<p><strong>Tecnolog\u00eda de Impresi\u00f3n:<\/strong>Inyecci\u00f3n de tinta PrecisionCore\u00ae monocrom\u00e1tica optimizada<\/p>\n<p><strong>Resoluci\u00f3n M\u00e1xima de Impresi\u00f3n:<\/strong>1200 dpi x 2400 dpi<\/p>\n<p><strong>Velocidad de Impresi\u00f3n ISO:<\/strong>20 ppm negro (A4\/carta)<\/p>\n<p><strong>Velocidad de Impresi\u00f3n:<\/strong>39 ppm negro (borrador\/A4\/carta)<\/p>\n<p><strong>Velocidad de Impresi\u00f3n ISO de doble faz:<\/strong>9 ppm (A4\/carta)<\/p>\n<p><strong>Tama\u00f1o M\u00ednimo de la Gota de Tinta:<\/strong>2,8 picolitros con tecnolog\u00eda de gotas de tinta de tama\u00f1o variable<\/p>\n<p><strong>Configuraci\u00f3n del Cabezal:<\/strong>800 inyectores negros (2 filas de 400 inyectores)[\/vc_column_text][\/vc_column][vc_column width=\u00bb1\/3&#8243;][vc_column_text el_class=\u00bbinfo-product-col\u00bb]\n<h4><strong>General:<\/strong><\/h4>\n<hr \/>\n<p><strong>Sistemas de Operaci\u00f3n:<\/strong>Windows Vista\u00ae \/ Windows\u00ae7\/Windows\u00ae8 \/8.1\/Windows\u00ae10 (32 bit, 64 bit),Windows Server\u00ae 2003 (SP2) \/ Windows Server\u00ae 2016<sup>8<\/sup>, Mac OS\u00aeX 10.6.8 \/ MacOS\u00ae 10.14.x<sup>9<\/sup><\/p>\n<p><strong>Temperatura:<\/strong>Funcionamento: 10\u00b0 a 35\u00b0 C.<\/p>\n<p>Almacenamiento: -20\u00b0 a 40\u00b0 C.<\/p>\n<p><strong>Humedad:<\/strong>Funcionamiento: 20 a 80%.<\/p>\n<p>Almacenamiento: 5 a 85% (sin condensaci\u00f3n)<\/p>\n<p><strong>Nivel de Sonido:<\/strong>Potencia acustica: 6.9B (A). Presi\u00f3n ac\u00fastica: 56 dB (A).<\/p>\n<p><strong>Dimensiones:<\/strong>375 mm x 347 mm x 346 mm<\/p>\n<p><strong>Peso:<\/strong>7,3 kg (excluye tintas y cables de alimentaci\u00f3n)<\/p>\n<p><strong>Pa\u00eds de Origen:<\/strong>Filipinas<\/p>\n<p><strong>Garant\u00eda:<\/strong>Garant\u00eda est\u00e1ndar de 1 a\u00f1o y extendida 2 a\u00f1os al registrar su producto<sup>3<\/sup>[\/vc_column_text][\/vc_column][vc_column width=\u00bb1\/3&#8243;][vc_column_text el_class=\u00bbinfo-product-col\u00bb]\n<h4><strong>Copiar:<\/strong><\/h4>\n<hr \/>\n<p><strong>Velocidad de Copia:<\/strong>30 cpm negro (borrador\/A4\/carta)<\/p>\n<p><strong>Velocidad de Copiado ISO:<\/strong>17 cpm negro (A4\/carta)<\/p>\n<p><strong>Calidad de Copia:<\/strong>Texto e imagen hasta 600 dpi x 600 dpi en papel normal<\/p>\n<p><strong>Cantidad de Copias:<\/strong>1-99 (sin PC)<\/p>\n<p><strong>M\u00e1ximo Tama\u00f1o de Copia:<\/strong>Legal (ADF) y A4\/carta (cama de esc\u00e1ner)<\/p>\n<p><strong>Caracter\u00edsticas de la Copia:<\/strong>Copiado autom\u00e1tico a doble cara, reduce y aumenta (25% &#8211; 400%)[\/vc_column_text][\/vc_column][\/vc_row][\/vc_section]\n<\/div>","protected":false},"excerpt":{"rendered":"<h3 class=\"name\">Multifuncional inal\u00e1mbrico en blanco y negro con fax y ADF<\/h3>\n<p>La multifuncional inal\u00e1mbrica monocrom\u00e1tica EcoTank<sup>\u00ae<\/sup>\u00a0M3170 es la elecci\u00f3n ideal para oficinas que necesitan alta productividad de impresi\u00f3n en blanco y negro a un costo ultrabajo sin sacrificar calidad. Con los tanques de tinta rellenables de superalta capacidad, podr\u00e1 imprimir hasta 11.000<sup>5<\/sup>\u00a0p\u00e1ginas en negro con dos botellas incluidas y hasta 6.000<sup>5<\/sup>\u00a0p\u00e1ginas en negro con botellas de reemplazo.<\/p>\n<p>Esta multifuncional compacta es perfecta para oficinas que imprimen miles de documentos en negro y buscan reducir costos sin sacrificar productividad. La M3170 alcanza velocidades de hasta 39 p\u00e1ginas por minuto\u2020, cuenta con alimentador autom\u00e1tico de documentos, impresi\u00f3n autom\u00e1tica a doble cara, cuenta con ethernet para grupos de trabajo, fax, y es inal\u00e1mbrica para impresi\u00f3n por medio de dispositivos m\u00f3viles<sup>2<\/sup>.<\/p>\n<p><a href=\"http:\/\/old.compuimpresion.com.co\/contacto\/\">\u00bfDesea comprar al por mayor?<\/a><\/p>\n<hr \/>\n<ul>\n<li>Reducci\u00f3n de costos<\/li>\n<li>Ahorra con esta compra<\/li>\n<li>Calidad profesional<\/li>\n<\/ul>\n<p><a href=\"https:\/\/mediaserver.goepson.com\/ImConvServlet\/imconv\/dba8885551501b71d949a69468fc374a50ee9e56\/original?assetDescr=M3170_EAI_PREVIEW\">Ficha t\u00e9cnica<\/a><\/p>\n<p><span class=\"key\">Modelo:<\/span>\u00a0<span class=\"value\">C11CG92301<\/span><\/p>\n","protected":false},"featured_media":5389,"comment_status":"open","ping_status":"closed","template":"","meta":{"inline_featured_image":false},"pwb-brand":[125],"product_brand":[],"product_cat":[891,1259],"product_tag":[245,146,386,150,143,389],"class_list":{"0":"post-3264","1":"product","2":"type-product","3":"status-publish","4":"has-post-thumbnail","6":"pwb-brand-epson","7":"product_cat-impresion","8":"product_cat-inyeccion-de-tinta","9":"product_tag-epson","10":"product_tag-impresora","11":"product_tag-m3170","12":"product_tag-monocromatica","13":"product_tag-multifuncional","14":"product_tag-negro","16":"first","17":"outofstock","18":"featured","19":"taxable","20":"shipping-taxable","21":"purchasable","22":"product-type-simple"},"brands":[{"id":125,"name":"Epson","slug":"epson"}],"_links":{"self":[{"href":"https:\/\/compuimpresion.com.co\/portal\/wp-json\/wp\/v2\/product\/3264","targetHints":{"allow":["GET"]}}],"collection":[{"href":"https:\/\/compuimpresion.com.co\/portal\/wp-json\/wp\/v2\/product"}],"about":[{"href":"https:\/\/compuimpresion.com.co\/portal\/wp-json\/wp\/v2\/types\/product"}],"replies":[{"embeddable":true,"href":"https:\/\/compuimpresion.com.co\/portal\/wp-json\/wp\/v2\/comments?post=3264"}],"wp:featuredmedia":[{"embeddable":true,"href":"https:\/\/compuimpresion.com.co\/portal\/wp-json\/wp\/v2\/media\/5389"}],"wp:attachment":[{"href":"https:\/\/compuimpresion.com.co\/portal\/wp-json\/wp\/v2\/media?parent=3264"}],"wp:term":[{"taxonomy":"pwb-brand","embeddable":true,"href":"https:\/\/compuimpresion.com.co\/portal\/wp-json\/wp\/v2\/pwb-brand?post=3264"},{"taxonomy":"product_brand","embeddable":true,"href":"https:\/\/compuimpresion.com.co\/portal\/wp-json\/wp\/v2\/product_brand?post=3264"},{"taxonomy":"product_cat","embeddable":true,"href":"https:\/\/compuimpresion.com.co\/portal\/wp-json\/wp\/v2\/product_cat?post=3264"},{"taxonomy":"product_tag","embeddable":true,"href":"https:\/\/compuimpresion.com.co\/portal\/wp-json\/wp\/v2\/product_tag?post=3264"}],"curies":[{"name":"wp","href":"https:\/\/api.w.org\/{rel}","templated":true}]}}