{"id":3263,"date":"2021-10-19T14:44:43","date_gmt":"2021-10-19T19:44:43","guid":{"rendered":"https:\/\/new.compuimpresion.com.co\/portal\/?post_type=product&#038;p=3263"},"modified":"2024-07-19T17:28:09","modified_gmt":"2024-07-19T22:28:09","slug":"impresora-monocromatica-bolsa-workspace-wf-m5299","status":"publish","type":"product","link":"https:\/\/compuimpresion.com.co\/portal\/productos\/impresora-monocromatica-bolsa-workspace-wf-m5299\/","title":{"rendered":"Impresora Epson wf-m5299 Monocrom\u00e1tica wifi ethernet"},"content":{"rendered":"<div class=\"wpb-content-wrapper\">[vc_section][vc_row][vc_column][vc_column_text el_class=\u00bbinfo-product-col firstcol\u00bb]\n<section class=\"row\">\n<div class=\"simple-responsive-banner-component module-text-list js-tl-rte container-fluid container-main-content__aligned\" data-cpt-id=\"8796105999420\">\n<div class=\"module-content\">\n<ul>\n<li><b>Ahorra energ\u00eda &#8211;<\/b>\u00a0Consume hasta un 80% menos energ\u00eda que las impresoras l\u00e1ser<sup>7<\/sup><\/li>\n<li><b>Interfaz de usuario sencilla y uniforme &#8211;<\/b>\u00a0Panel LCD a color de 2.4&#8243; con teclas de navegaci\u00f3n<\/li>\n<li><b>Conexi\u00f3n en red incorporada &#8211;<\/b>\u00a0Conectividad cableada e inal\u00e1mbrica, incluye Wi-Fi Direct<sup>8<\/sup>; imprime desde tel\u00e9fonos inteligentes, tabletas, e incluso archivos en la nube<sup>9<\/sup><\/li>\n<li><b>Seguridad &#8211;<\/b>\u00a0Certificaci\u00f3n de n\u00famero de PIN para liberaci\u00f3n de tareas, acceso de usuario de control, ajustes de impresora y de red a trav\u00e9s de la web usando la direcci\u00f3n IP de la impresora<\/li>\n<\/ul>\n<p>&nbsp;<\/p>\n<h3>Caracter\u00edsticas Ecol\u00f3gicas<\/h3>\n<ul>\n<li>Utiliza hasta un 60% menos de energ\u00eda que las impresoras l\u00e1ser color<sup>3<\/sup>.<\/li>\n<li>Ahorre hasta el 50% de su suministro de papel con funciones autom\u00e1ticas, impresi\u00f3n a dos caras.<\/li>\n<li>Calificado ENERGY STAR<sup>\u00ae<\/sup>.<\/li>\n<li>Calificado RoHS.<\/li>\n<\/ul>\n<\/div>\n<\/div>\n<\/section>\n<section class=\"row\">\n<div class=\"simple-responsive-banner-component module-text-list js-tl-rte container-fluid container-main-content__aligned\" data-cpt-id=\"8796105999420\">\n<div class=\"module-content\">\n<div class=\"text-rows two-up\">\n<div class=\"text-row three-fourths\">\n<h4 class=\"module-head\">Que Hay En La Caja:<\/h4>\n<p>&nbsp;<\/p>\n<div>\n<ul>\n<li>Impresora WorkForce<sup>\u00ae<\/sup>\u00a0Pro WF-M5299<\/li>\n<li>CD-ROM con drivers\/manuales<\/li>\n<li>Cable de alimentaci\u00f3n<\/li>\n<li>Bolsa de tinta negra DURABrite<sup>\u00ae<\/sup>\u00a0Ultra de inicializaci\u00f3n (rendimiento hasta 900 p\u00e1ginas)<\/li>\n<\/ul>\n<\/div>\n<\/div>\n<\/div>\n<\/div>\n<\/div>\n<\/section>\n[\/vc_column_text][\/vc_column][\/vc_row][vc_row][vc_column width=\u00bb1\/3&#8243;][vc_column_text el_class=\u00bbinfo-product-col\u00bb]\n<h4><strong>Imprimir:<\/strong><\/h4>\n<hr \/>\n<p><strong>Tecnolog\u00eda de Impresi\u00f3n:<\/strong>Precision Core<sup>\u00ae<\/sup>\u00a0monocrom\u00e1tico (negro)<\/p>\n<p><strong>Resoluci\u00f3n M\u00e1xima de Impresi\u00f3n:<\/strong>1200 x 1200 dpi<\/p>\n<p><strong>Velocidad de Impresi\u00f3n ISO:<\/strong>24 ISO ppm (negro), simplex<\/p>\n<p>15 ISO ppm (negro), duplex<\/p>\n<p><strong>Tama\u00f1o M\u00ednimo de la Gota de Tinta:<\/strong>5.1 picolitros<\/p>\n<p><strong>Configuraci\u00f3n del Cabezal:<\/strong>400 x 4 inyectores<\/p>\n<p><strong>Tama\u00f1o Total de Memoria RAM:<\/strong>1024 (Mbytes)<sup>18<\/sup>[\/vc_column_text][\/vc_column][vc_column width=\u00bb1\/3&#8243;][vc_column_text el_class=\u00bbinfo-product-col\u00bb]\n<h4><strong>Tinta:<\/strong><\/h4>\n<hr \/>\n<p><strong>Tipo de Tinta:<\/strong>DURABrite<sup>\u00ae<\/sup>\u00a0Ultra (resistente al agua, las manchas, y la decoloraci\u00f3n)<\/p>\n<p><strong>Paleta de Tintas:<\/strong>Negro<\/p>\n<p><strong>Configuraci\u00f3n de la Tinta:<\/strong>Bolsa de tinta individual negra<\/p>\n<p><strong>Tinta de Reemplazo:<\/strong>T961 negro, rendimiento p\u00e1ginas ISO: negro 10.000.<\/p>\n<p>T962 negro, rendimiento p\u00e1ginas ISO: negro 40.000.<\/p>\n<p>Epson recomienda fuertemente el uso de tinta original para asegurar el mejor rendimiento y calidad de impresi\u00f3n y no arriesgar la garant\u00eda limitada<sup>12<\/sup>[\/vc_column_text][\/vc_column][vc_column width=\u00bb1\/3&#8243;][vc_column_text el_class=\u00bbinfo-product-col\u00bb]\n<h4><strong>General:<\/strong><\/h4>\n<hr \/>\n<p><strong>Sistemas de Operaci\u00f3n:<\/strong>Windows<sup>\u00ae<\/sup>\u00a010 (32-bit, 64-bit), Windows<sup>\u00ae<\/sup>\u00a08.1, Windows<sup>\u00ae<\/sup>\u00a08 (32-bit, 64-bit), Windows<sup>\u00ae<\/sup>\u00a07 (32-bit, 64-bit), Windows Vista<sup>\u00ae<\/sup>\u00a0(32-bit, 64-bit), Windows<sup>\u00ae<\/sup>\u00a0XP SP3 (32-bit), Windows<sup>\u00ae<\/sup>\u00a0XP Professional x64 Edition, Windows Server<sup>\u00ae<\/sup>\u00a02016, Windows Server<sup>\u00ae<\/sup>\u00a02012 R2<sup>13<\/sup>, Windows Server<sup>\u00ae<\/sup>\u00a02012<sup>13<\/sup>, Windows Server<sup>\u00ae<\/sup>\u00a02008 R2<sup>13<\/sup>, Windows Server<sup>\u00ae<\/sup>\u00a02008<sup>13<\/sup>, Windows Server<sup>\u00ae<\/sup>\u00a02003 R2<sup>13<\/sup>, Windows Server<sup>\u00ae<\/sup>\u00a02003<sup>13<\/sup><\/p>\n<p>Mac<sup>\u00ae<\/sup>\u00a0OS X<sup>\u00ae<\/sup>\u00a010.6.8 \u2013 10.13.x7\u00a0<sup>14<\/sup><\/p>\n<p><strong>Temperatura:<\/strong>Funcionamiento: 10 \u00b0 a 35 \u00b0C<\/p>\n<p>Almacenamiento: -20 \u00b0 a 40 \u00b0C<\/p>\n<p><strong>Humedad:<\/strong>Funcionamiento: 20 &#8211; 80%<\/p>\n<p>Almacenamiento: 5 &#8211; 85% (sin condensaci\u00f3n)<\/p>\n<p><strong>Nivel de Sonido:<\/strong>Potencia ac\u00fastica: 6.9B (A)<\/p>\n<p>Presi\u00f3n ac\u00fastica: 55dB (A)<\/p>\n<p><strong>Dimensiones:<\/strong>Abierto: 425 x 578 x 449 mm (16.7 x 22.8 x 17.7 inch) con bandeja de papel<\/p>\n<p>Cerrado: 425 x 535 x 357 mm (16.7 x 21.1 x 14.1 inch) con bandeja de papel<\/p>\n<p><strong>Peso:<\/strong>19.14 Kg<\/p>\n<p><strong>Seguridad:<\/strong>Certificaci\u00f3n de n\u00famero de PIN para liberaci\u00f3n de tareas, acceso de control de usuario, configuraci\u00f3n de impresora y de red a trav\u00e9s de Web. Configuraci\u00f3n usando la direcci\u00f3n IP de la impresora, seguridad SSL \/ TLS, Ipsec<\/p>\n<p><strong>Pa\u00eds de Origen:<\/strong>Indonesia[\/vc_column_text][\/vc_column][\/vc_row][\/vc_section]\n<\/div>","protected":false},"excerpt":{"rendered":"<h3 class=\"name\">La impresora monocrom\u00e1tica m\u00e1s economica en su clase<sup>2<\/sup><\/h3>\n<p>La WorkForce<sup>\u00ae<\/sup>\u00a0WF-M5299, con tecnolog\u00eda de PrecisionCore<sup>\u00ae<\/sup>, ofrece una impresora compacta con hasta un 60 por ciento menos de costos de impresi\u00f3n que las impresoras l\u00e1ser monocrom\u00e1ticas<sup>3<\/sup>. Con un rendimiento de hasta 40.000 p\u00e1ginas<sup>4<\/sup>, la WF-M5299 incluye un innovador sistema de bolsa de tinta reemplazable para minimizar las intervenciones. Dise\u00f1ado para las necesidades de su departamento de trabajo, imprima documentos de calidad profesional a 24 ppm ISO (negro)<sup>6<\/sup>. La configuraci\u00f3n de red y de seguridad permiten una integraci\u00f3n sencilla para los equipos de IT. La WF-M5299 admite redes cableadas e inal\u00e1mbricas, adem\u00e1s de PCL<sup>1<\/sup>\u00a0y PostScript<sup>\u00ae<\/sup>\u00a03\u2122.<\/p>\n<p><a href=\"http:\/\/old.compuimpresion.com.co\/contacto\/\">\u00bfDesea comprar al por mayor?<\/a><\/p>\n<hr \/>\n<ul>\n<li><strong>Funciones:<\/strong>\u00a0Impresora Blanco y Negro con Wireless\/Ethernet &amp; PCL<sup>1<\/sup>\/PS<\/li>\n<li><strong>Tinta:<\/strong>\u00a0DURABrite<sup>\u00ae<\/sup>\u00a0Ultra, tinta de pigmento resistente al agua, las manchas y la decoloraci\u00f3n<\/li>\n<li><strong>Velocidad de impresi\u00f3n:<\/strong>\u00a034 ppm (negro)<sup>17<\/sup><\/li>\n<\/ul>\n<p><a href=\"https:\/\/mediaserver.goepson.com\/ImConvServlet\/imconv\/84332de1a59e1a66cee9b0fa412b32c7a6ff7f45\/original?assetDescr=WF-M5299_ES_Jan_2020.pdf\">Ficha T\u00e9cnica<\/a><\/p>\n<p><span class=\"key\">Modelo:<\/span>\u00a0<span class=\"value\">C11CG07301<\/span><\/p>\n","protected":false},"featured_media":3172,"comment_status":"open","ping_status":"closed","template":"","meta":{"inline_featured_image":false},"pwb-brand":[125],"product_brand":[],"product_cat":[891,1259],"product_tag":[385,245,611,146,751,150,750,357],"class_list":{"0":"post-3263","1":"product","2":"type-product","3":"status-publish","4":"has-post-thumbnail","6":"pwb-brand-epson","7":"product_cat-impresion","8":"product_cat-inyeccion-de-tinta","9":"product_tag-bolsa","10":"product_tag-epson","11":"product_tag-ethernet","12":"product_tag-impresora","13":"product_tag-m5299","14":"product_tag-monocromatica","15":"product_tag-wf","16":"product_tag-wifi","18":"first","19":"outofstock","20":"taxable","21":"shipping-taxable","22":"purchasable","23":"product-type-simple"},"brands":[{"id":125,"name":"Epson","slug":"epson"}],"_links":{"self":[{"href":"https:\/\/compuimpresion.com.co\/portal\/wp-json\/wp\/v2\/product\/3263","targetHints":{"allow":["GET"]}}],"collection":[{"href":"https:\/\/compuimpresion.com.co\/portal\/wp-json\/wp\/v2\/product"}],"about":[{"href":"https:\/\/compuimpresion.com.co\/portal\/wp-json\/wp\/v2\/types\/product"}],"replies":[{"embeddable":true,"href":"https:\/\/compuimpresion.com.co\/portal\/wp-json\/wp\/v2\/comments?post=3263"}],"wp:featuredmedia":[{"embeddable":true,"href":"https:\/\/compuimpresion.com.co\/portal\/wp-json\/wp\/v2\/media\/3172"}],"wp:attachment":[{"href":"https:\/\/compuimpresion.com.co\/portal\/wp-json\/wp\/v2\/media?parent=3263"}],"wp:term":[{"taxonomy":"pwb-brand","embeddable":true,"href":"https:\/\/compuimpresion.com.co\/portal\/wp-json\/wp\/v2\/pwb-brand?post=3263"},{"taxonomy":"product_brand","embeddable":true,"href":"https:\/\/compuimpresion.com.co\/portal\/wp-json\/wp\/v2\/product_brand?post=3263"},{"taxonomy":"product_cat","embeddable":true,"href":"https:\/\/compuimpresion.com.co\/portal\/wp-json\/wp\/v2\/product_cat?post=3263"},{"taxonomy":"product_tag","embeddable":true,"href":"https:\/\/compuimpresion.com.co\/portal\/wp-json\/wp\/v2\/product_tag?post=3263"}],"curies":[{"name":"wp","href":"https:\/\/api.w.org\/{rel}","templated":true}]}}