{"id":77,"date":"2018-04-26T09:43:40","date_gmt":"2018-04-26T14:43:40","guid":{"rendered":"http:\/\/bridge227.qodeinteractive.com\/?page_id=77"},"modified":"2019-07-26T16:51:29","modified_gmt":"2019-07-26T21:51:29","slug":"quienes-somos","status":"publish","type":"page","link":"https:\/\/compuimpresion.com.co\/portal\/quienes-somos\/","title":{"rendered":"\u00bfQui\u00e9nes Somos?"},"content":{"rendered":"<div class=\"wpb-content-wrapper\">[vc_row][vc_column width=\u00bb1\/4&#8243;][vc_single_image image=\u00bb1840&#8243; img_size=\u00bbfull\u00bb alignment=\u00bbcenter\u00bb animation_type=\u00bbfadeIn\u00bb][\/vc_column][vc_column width=\u00bb3\/4&#8243;][vc_column_text]\n<p style=\"text-align: center;\">Somos una empresa con m\u00e1s de 10 a\u00f1os de experiencia en el sector tecnol\u00f3gico, contamos con un servicio integral siendo distribuidores autorizados de marcas reconocidas como: EPSON, HP, CANON, DELL, LENOVO, SAMSUNG, MICROSOFT, entre otras. Tenemos un amplio portafolio y proveemos todos los productos relacionados con infraestructura tecnol\u00f3gica: servidores, equipos de c\u00f3mputo en general, impresi\u00f3n, cableado estructurado, licenciamiento y suministros de impresi\u00f3n.<\/p>\n[\/vc_column_text][\/vc_column][\/vc_row]\n<\/div>","protected":false},"excerpt":{"rendered":"<p>[vc_row][vc_column width=\u00bb1\/4&#8243;][vc_single_image image=\u00bb1840&#8243; img_size=\u00bbfull\u00bb alignment=\u00bbcenter\u00bb animation_type=\u00bbfadeIn\u00bb][\/vc_column][vc_column width=\u00bb3\/4&#8243;][vc_column_text] Somos una empresa con m\u00e1s de 10 a\u00f1os de experiencia en el sector tecnol\u00f3gico, contamos con un servicio integral siendo distribuidores autorizados de marcas reconocidas como: EPSON, HP, CANON, DELL, LENOVO, SAMSUNG, MICROSOFT, entre otras. Tenemos un amplio portafolio y proveemos todos los productos relacionados con infraestructura tecnol\u00f3gica: [&hellip;]<\/p>\n","protected":false},"author":1,"featured_media":0,"parent":0,"menu_order":300,"comment_status":"closed","ping_status":"closed","template":"","meta":{"inline_featured_image":false,"footnotes":""},"class_list":["post-77","page","type-page","status-publish","hentry"],"_links":{"self":[{"href":"https:\/\/compuimpresion.com.co\/portal\/wp-json\/wp\/v2\/pages\/77","targetHints":{"allow":["GET"]}}],"collection":[{"href":"https:\/\/compuimpresion.com.co\/portal\/wp-json\/wp\/v2\/pages"}],"about":[{"href":"https:\/\/compuimpresion.com.co\/portal\/wp-json\/wp\/v2\/types\/page"}],"author":[{"embeddable":true,"href":"https:\/\/compuimpresion.com.co\/portal\/wp-json\/wp\/v2\/users\/1"}],"replies":[{"embeddable":true,"href":"https:\/\/compuimpresion.com.co\/portal\/wp-json\/wp\/v2\/comments?post=77"}],"version-history":[{"count":5,"href":"https:\/\/compuimpresion.com.co\/portal\/wp-json\/wp\/v2\/pages\/77\/revisions"}],"predecessor-version":[{"id":2356,"href":"https:\/\/compuimpresion.com.co\/portal\/wp-json\/wp\/v2\/pages\/77\/revisions\/2356"}],"wp:attachment":[{"href":"https:\/\/compuimpresion.com.co\/portal\/wp-json\/wp\/v2\/media?parent=77"}],"curies":[{"name":"wp","href":"https:\/\/api.w.org\/{rel}","templated":true}]}}